{"id":6571,"date":"2019-02-25T08:52:56","date_gmt":"2019-02-25T08:52:56","guid":{"rendered":"http:\/\/2019.vse-conference.eu\/?page_id=6571"},"modified":"2019-03-04T15:25:18","modified_gmt":"2019-03-04T15:25:18","slug":"a-propos-de-france-victimes","status":"publish","type":"page","link":"https:\/\/2019.vse-conference.eu\/fr\/a-propos-de-france-victimes\/","title":{"rendered":"A propos de France Victimes"},"content":{"rendered":"[vc_row type=\u00a0\u00bbfull_width_background\u00a0\u00bb full_screen_row_position=\u00a0\u00bbmiddle\u00a0\u00bb bg_color=\u00a0\u00bb#412b85&Prime; scene_position=\u00a0\u00bbcenter\u00a0\u00bb text_color=\u00a0\u00bblight\u00a0\u00bb text_align=\u00a0\u00bbleft\u00a0\u00bb top_padding=\u00a0\u00bb3%\u00a0\u00bb bottom_padding=\u00a0\u00bb3%\u00a0\u00bb overlay_strength=\u00a0\u00bb0.5&Prime; shape_divider_position=\u00a0\u00bbbottom\u00a0\u00bb bg_image_animation=\u00a0\u00bbnone\u00a0\u00bb video_mute=\u00a0\u00bbtrue\u00a0\u00bb shape_type=\u00a0\u00bb\u00a0\u00bb][vc_column column_padding=\u00a0\u00bbno-extra-padding\u00a0\u00bb column_padding_position=\u00a0\u00bball\u00a0\u00bb background_color_opacity=\u00a0\u00bb1&Prime; background_hover_color_opacity=\u00a0\u00bb1&Prime; column_link_target=\u00a0\u00bb_self\u00a0\u00bb column_shadow=\u00a0\u00bbnone\u00a0\u00bb column_border_radius=\u00a0\u00bbnone\u00a0\u00bb width=\u00a0\u00bb1\/2&Prime; tablet_width_inherit=\u00a0\u00bbdefault\u00a0\u00bb tablet_text_alignment=\u00a0\u00bbdefault\u00a0\u00bb phone_text_alignment=\u00a0\u00bbdefault\u00a0\u00bb column_border_width=\u00a0\u00bbnone\u00a0\u00bb column_border_style=\u00a0\u00bbsolid\u00a0\u00bb bg_image_animation=\u00a0\u00bbnone\u00a0\u00bb][split_line_heading]\n<h2 style=\"text-transform: uppercase; font-size: 28px; line-height: 30px;\">A Propos de France Victimes<\/h2>\n[\/split_line_heading][\/vc_column][vc_column column_padding=\u00a0\u00bbno-extra-padding\u00a0\u00bb column_padding_position=\u00a0\u00bball\u00a0\u00bb background_color_opacity=\u00a0\u00bb1&Prime; background_hover_color_opacity=\u00a0\u00bb1&Prime; column_link_target=\u00a0\u00bb_self\u00a0\u00bb column_shadow=\u00a0\u00bbnone\u00a0\u00bb column_border_radius=\u00a0\u00bbnone\u00a0\u00bb width=\u00a0\u00bb1\/2&Prime; tablet_width_inherit=\u00a0\u00bbdefault\u00a0\u00bb tablet_text_alignment=\u00a0\u00bbdefault\u00a0\u00bb phone_text_alignment=\u00a0\u00bbdefault\u00a0\u00bb column_border_width=\u00a0\u00bbnone\u00a0\u00bb column_border_style=\u00a0\u00bbsolid\u00a0\u00bb bg_image_animation=\u00a0\u00bbnone\u00a0\u00bb][\/vc_column][\/vc_row][vc_row type=\u00a0\u00bbfull_width_background\u00a0\u00bb full_screen_row_position=\u00a0\u00bbmiddle\u00a0\u00bb bg_color=\u00a0\u00bb#ffffff\u00a0\u00bb scene_position=\u00a0\u00bbcenter\u00a0\u00bb text_color=\u00a0\u00bbdark\u00a0\u00bb text_align=\u00a0\u00bbleft\u00a0\u00bb top_padding=\u00a0\u00bb3%\u00a0\u00bb bottom_padding=\u00a0\u00bb4%\u00a0\u00bb overlay_strength=\u00a0\u00bb0.3&Prime; shape_divider_position=\u00a0\u00bbbottom\u00a0\u00bb bg_image_animation=\u00a0\u00bbnone\u00a0\u00bb shape_type=\u00a0\u00bb\u00a0\u00bb][vc_column column_padding=\u00a0\u00bbno-extra-padding\u00a0\u00bb column_padding_position=\u00a0\u00bball\u00a0\u00bb background_color_opacity=\u00a0\u00bb1&Prime; background_hover_color_opacity=\u00a0\u00bb1&Prime; column_link_target=\u00a0\u00bb_self\u00a0\u00bb column_shadow=\u00a0\u00bbnone\u00a0\u00bb column_border_radius=\u00a0\u00bbnone\u00a0\u00bb width=\u00a0\u00bb5\/6&Prime; tablet_width_inherit=\u00a0\u00bbdefault\u00a0\u00bb tablet_text_alignment=\u00a0\u00bbdefault\u00a0\u00bb phone_text_alignment=\u00a0\u00bbdefault\u00a0\u00bb column_border_width=\u00a0\u00bbnone\u00a0\u00bb column_border_style=\u00a0\u00bbsolid\u00a0\u00bb bg_image_animation=\u00a0\u00bbnone\u00a0\u00bb][vc_column_text css=\u00a0\u00bb.vc_custom_1551713113332{margin-top: -8px !important;margin-bottom: -8px !important;}\u00a0\u00bb]\n<p style=\"text-align: justify;\"><strong>France Victimes<\/strong> (ex Inavem), cr\u00e9\u00e9e en 1986, est la <strong>F\u00e9d\u00e9ration nationale des associations d&rsquo;aide aux victimes en France<\/strong> (m\u00e9tropolitaine et ultramarine).<\/p>\n<p style=\"text-align: justify;\">L\u2019objectif de la F\u00e9d\u00e9ration est de promouvoir et de d\u00e9velopper l&rsquo;aide et l&rsquo;assistance aux victimes, les pratiques de m\u00e9diation et toute autre mesure contribuant \u00e0 am\u00e9liorer la reconnaissance des victimes.<\/p>\n<p style=\"text-align: justify;\">France Victimes regroupe les activit\u00e9s et services d\u2019accompagnement des victimes \u00e0 destination d\u2019un r\u00e9seau de plus de 130 associations, afin de soutenir les victimes d\u2019atteintes aux personnes (violence, viol, viol, harc\u00e8lement, menaces &#8230;) et d\u2019atteintes aux biens (vol, escroquerie &#8230;), d&rsquo;accidents de la route, d\u2019\u00e9v\u00e9nements collectifs (attentats, probl\u00e8mes sanitaire ou m\u00e9dical\u2026) ou encore de catastrophes naturelles.<\/p>\n<p style=\"text-align: justify;\">France Victimes anime une plateforme t\u00e9l\u00e9phonique d\u2019aide aux victimes, ouverte 7 jours sur 7, afin de proposer aux appelants une \u00e9coute empathique et bienveillante et les mettre en relation avec l\u2019association locale ou la plus \u00e0 m\u00eame \u00e0 r\u00e9pondre \u00e0 leurs besoins.<\/p>\n<p style=\"text-align: justify;\">France Victimes est \u00e9galement un organisme de formation depuis 1993 et organise des sessions de formation pour les professionnels et les b\u00e9n\u00e9voles de ses associations et toute organisation ou professionnel pr\u00e9sentant un int\u00e9r\u00eat pour les victimes.<\/p>\n<p style=\"text-align: justify;\">Le r\u00e9seau France Victimes repr\u00e9sente :<br \/>\n&#8211; Plus de <strong>130 associations locales France Victimes<\/strong>,<br \/>\n&#8211; <strong>800 centre d&rsquo;accueil<\/strong>, en particulier les Bureaux d&rsquo;Aide aux Victimes au sein des tribunaux,<br \/>\n&#8211; <strong>300 000 victimes <\/strong>re\u00e7ues par an.<\/p>\n<p style=\"text-align: justify;\">L\u2019objectif des associations f\u00e9d\u00e9r\u00e9es au sein de France Victimes est la prise en charge globale et pluridisciplinaire de toute personne qui s\u2019estime victime d\u2019une infraction p\u00e9nale, en France ou \u00e0 l\u2019\u00e9tranger. Les associations d\u2019aide aux victimes sont ouvertes \u00e0 tout public, leurs services sont propos\u00e9s \u00e0 titre gratuit et les entretiens confidentiels. Les associations d&rsquo;aide aux victimes respectent enfin l&rsquo;autonomie de d\u00e9cision des victimes.<\/p>\n<p style=\"text-align: justify;\">Les services des associations locales :<br \/>\n&#8211; une \u00e9coute privil\u00e9gi\u00e9e pour identifier l\u2019ensemble des difficult\u00e9s que les victimes \u00e9prouvent (sentiment d&rsquo;isolement, souffrance psychologique, m\u00e9connaissance du droit\u2026) ;<br \/>\n&#8211; une aide psychologique (choc \u00e9motionnel, stress post-traumatique, accompagnement dans la proc\u00e9dure\u2026)\u00a0;<br \/>\n&#8211; une information sur les droits et comment les faire valoir (organisation judiciaire, proc\u00e9dures, pr\u00e9paration aux expertises et syst\u00e8mes d&rsquo;indemnisation\u2026)\u00a0;<br \/>\n&#8211; un accompagnement social et une orientation si n\u00e9cessaire vers des services sp\u00e9cialis\u00e9s (avocats, services sociaux et m\u00e9dico-psychologiques, assurances\u2026).<\/p>\n<p style=\"text-align: justify;\">France Victimes est un membre fondateur de Victim Support Europe et, \u00e0 ce titre, travaille avec ses homologues europ\u00e9ens \u00e0 promouvoir et d\u00e9velopper l\u2019aide et les droits des victimes au sein de l&rsquo;Union europ\u00e9enne.<\/p>\n<p style=\"text-align: justify;\">Plus d&rsquo;informations sur France Victimes sur le site <strong><a href=\"http:\/\/france-victimes.fr\/\" target=\"_blank\" rel=\"noopener noreferrer\">www.france-victimes.fr<\/a><\/strong><\/p>\n[\/vc_column_text][\/vc_column][vc_column column_padding=\u00a0\u00bbno-extra-padding\u00a0\u00bb column_padding_position=\u00a0\u00bball\u00a0\u00bb background_color_opacity=\u00a0\u00bb1&Prime; background_hover_color_opacity=\u00a0\u00bb1&Prime; column_link_target=\u00a0\u00bb_self\u00a0\u00bb column_shadow=\u00a0\u00bbnone\u00a0\u00bb column_border_radius=\u00a0\u00bbnone\u00a0\u00bb width=\u00a0\u00bb1\/6&Prime; tablet_width_inherit=\u00a0\u00bbdefault\u00a0\u00bb tablet_text_alignment=\u00a0\u00bbdefault\u00a0\u00bb phone_text_alignment=\u00a0\u00bbdefault\u00a0\u00bb column_border_width=\u00a0\u00bbnone\u00a0\u00bb column_border_style=\u00a0\u00bbsolid\u00a0\u00bb bg_image_animation=\u00a0\u00bbnone\u00a0\u00bb][\/vc_column][\/vc_row]\n","protected":false},"excerpt":{"rendered":"<p>[vc_row type=\u00a0\u00bbfull_width_background\u00a0\u00bb full_screen_row_position=\u00a0\u00bbmiddle\u00a0\u00bb bg_color=\u00a0\u00bb#412b85&Prime; scene_position=\u00a0\u00bbcenter\u00a0\u00bb text_color=\u00a0\u00bblight\u00a0\u00bb text_align=\u00a0\u00bbleft\u00a0\u00bb top_padding=\u00a0\u00bb3%\u00a0\u00bb bottom_padding=\u00a0\u00bb3%\u00a0\u00bb overlay_strength=\u00a0\u00bb0.5&Prime; shape_divider_position=\u00a0\u00bbbottom\u00a0\u00bb bg_image_animation=\u00a0\u00bbnone\u00a0\u00bb video_mute=\u00a0\u00bbtrue\u00a0\u00bb shape_type=\u00a0\u00bb\u00a0\u00bb][vc_column column_padding=\u00a0\u00bbno-extra-padding\u00a0\u00bb&#8230;<\/p>\n","protected":false},"author":1,"featured_media":0,"parent":0,"menu_order":2,"comment_status":"closed","ping_status":"closed","template":"","meta":{"_mi_skip_tracking":false,"_exactmetrics_sitenote_active":false,"_exactmetrics_sitenote_note":"","_exactmetrics_sitenote_category":0},"_links":{"self":[{"href":"https:\/\/2019.vse-conference.eu\/fr\/wp-json\/wp\/v2\/pages\/6571"}],"collection":[{"href":"https:\/\/2019.vse-conference.eu\/fr\/wp-json\/wp\/v2\/pages"}],"about":[{"href":"https:\/\/2019.vse-conference.eu\/fr\/wp-json\/wp\/v2\/types\/page"}],"author":[{"embeddable":true,"href":"https:\/\/2019.vse-conference.eu\/fr\/wp-json\/wp\/v2\/users\/1"}],"replies":[{"embeddable":true,"href":"https:\/\/2019.vse-conference.eu\/fr\/wp-json\/wp\/v2\/comments?post=6571"}],"version-history":[{"count":9,"href":"https:\/\/2019.vse-conference.eu\/fr\/wp-json\/wp\/v2\/pages\/6571\/revisions"}],"predecessor-version":[{"id":6885,"href":"https:\/\/2019.vse-conference.eu\/fr\/wp-json\/wp\/v2\/pages\/6571\/revisions\/6885"}],"wp:attachment":[{"href":"https:\/\/2019.vse-conference.eu\/fr\/wp-json\/wp\/v2\/media?parent=6571"}],"curies":[{"name":"wp","href":"https:\/\/api.w.org\/{rel}","templated":true}]}}