{"id":6577,"date":"2019-02-25T08:59:26","date_gmt":"2019-02-25T08:59:26","guid":{"rendered":"http:\/\/2019.vse-conference.eu\/?page_id=6577"},"modified":"2019-03-04T15:25:58","modified_gmt":"2019-03-04T15:25:58","slug":"a-propos-de-vse","status":"publish","type":"page","link":"https:\/\/2019.vse-conference.eu\/fr\/a-propos-de-vse\/","title":{"rendered":"A propos de VSE"},"content":{"rendered":"[vc_row type=\u00a0\u00bbfull_width_background\u00a0\u00bb full_screen_row_position=\u00a0\u00bbmiddle\u00a0\u00bb bg_color=\u00a0\u00bb#412b85&Prime; scene_position=\u00a0\u00bbcenter\u00a0\u00bb text_color=\u00a0\u00bblight\u00a0\u00bb text_align=\u00a0\u00bbleft\u00a0\u00bb top_padding=\u00a0\u00bb3%\u00a0\u00bb bottom_padding=\u00a0\u00bb3%\u00a0\u00bb overlay_strength=\u00a0\u00bb0.3&Prime; shape_divider_position=\u00a0\u00bbbottom\u00a0\u00bb bg_image_animation=\u00a0\u00bbnone\u00a0\u00bb shape_type=\u00a0\u00bb\u00a0\u00bb][vc_column column_padding=\u00a0\u00bbno-extra-padding\u00a0\u00bb column_padding_position=\u00a0\u00bball\u00a0\u00bb background_color_opacity=\u00a0\u00bb1&Prime; background_hover_color_opacity=\u00a0\u00bb1&Prime; column_link_target=\u00a0\u00bb_self\u00a0\u00bb column_shadow=\u00a0\u00bbnone\u00a0\u00bb column_border_radius=\u00a0\u00bbnone\u00a0\u00bb width=\u00a0\u00bb1\/2&Prime; tablet_width_inherit=\u00a0\u00bbdefault\u00a0\u00bb tablet_text_alignment=\u00a0\u00bbdefault\u00a0\u00bb phone_text_alignment=\u00a0\u00bbdefault\u00a0\u00bb column_border_width=\u00a0\u00bbnone\u00a0\u00bb column_border_style=\u00a0\u00bbsolid\u00a0\u00bb bg_image_animation=\u00a0\u00bbnone\u00a0\u00bb][split_line_heading]\n<h2 style=\"text-transform: uppercase; font-size: 28px; line-height: 30px;\">A propos de VSE<\/h2>\n[\/split_line_heading][\/vc_column][vc_column column_padding=\u00a0\u00bbno-extra-padding\u00a0\u00bb column_padding_position=\u00a0\u00bball\u00a0\u00bb background_color_opacity=\u00a0\u00bb1&Prime; background_hover_color_opacity=\u00a0\u00bb1&Prime; column_link_target=\u00a0\u00bb_self\u00a0\u00bb column_shadow=\u00a0\u00bbnone\u00a0\u00bb column_border_radius=\u00a0\u00bbnone\u00a0\u00bb width=\u00a0\u00bb1\/2&Prime; tablet_width_inherit=\u00a0\u00bbdefault\u00a0\u00bb tablet_text_alignment=\u00a0\u00bbdefault\u00a0\u00bb phone_text_alignment=\u00a0\u00bbdefault\u00a0\u00bb column_border_width=\u00a0\u00bbnone\u00a0\u00bb column_border_style=\u00a0\u00bbsolid\u00a0\u00bb bg_image_animation=\u00a0\u00bbnone\u00a0\u00bb][\/vc_column][\/vc_row][vc_row type=\u00a0\u00bbfull_width_background\u00a0\u00bb full_screen_row_position=\u00a0\u00bbmiddle\u00a0\u00bb bg_color=\u00a0\u00bb#ffffff\u00a0\u00bb scene_position=\u00a0\u00bbcenter\u00a0\u00bb text_color=\u00a0\u00bbdark\u00a0\u00bb text_align=\u00a0\u00bbleft\u00a0\u00bb top_padding=\u00a0\u00bb3%\u00a0\u00bb bottom_padding=\u00a0\u00bb4%\u00a0\u00bb overlay_strength=\u00a0\u00bb0.3&Prime; shape_divider_position=\u00a0\u00bbbottom\u00a0\u00bb bg_image_animation=\u00a0\u00bbnone\u00a0\u00bb shape_type=\u00a0\u00bb\u00a0\u00bb][vc_column column_padding=\u00a0\u00bbno-extra-padding\u00a0\u00bb column_padding_position=\u00a0\u00bball\u00a0\u00bb background_color_opacity=\u00a0\u00bb1&Prime; background_hover_color_opacity=\u00a0\u00bb1&Prime; column_link_target=\u00a0\u00bb_self\u00a0\u00bb column_shadow=\u00a0\u00bbnone\u00a0\u00bb column_border_radius=\u00a0\u00bbnone\u00a0\u00bb width=\u00a0\u00bb5\/6&Prime; tablet_width_inherit=\u00a0\u00bbdefault\u00a0\u00bb tablet_text_alignment=\u00a0\u00bbdefault\u00a0\u00bb phone_text_alignment=\u00a0\u00bbdefault\u00a0\u00bb column_border_width=\u00a0\u00bbnone\u00a0\u00bb column_border_style=\u00a0\u00bbsolid\u00a0\u00bb bg_image_animation=\u00a0\u00bbnone\u00a0\u00bb][vc_column_text css=\u00a0\u00bb.vc_custom_1551713153302{margin-top: -8px !important;margin-bottom: -8px !important;}\u00a0\u00bb]\n<p style=\"text-align: justify;\"><strong>Victim Support Europe<\/strong> (VSE) a \u00e9t\u00e9 fond\u00e9 en 1990 et travaille depuis plus de 25 ans pour une Europe et un monde dans lequel toutes les victimes b\u00e9n\u00e9ficient de droits reconnus et de services comp\u00e9tents, qu\u2019elles d\u00e9posent plainte ou non.<br \/>\nVSE est l\u2019organisation principale en Europe se pr\u00e9occupant de toutes les victimes, quels que soient les faits ou la personne concern\u00e9s. VSE regroupe 54 organisations nationales qui fournissent des services d\u2019aide et d\u2019informations \u00e0 plus de 2 millions de personnes chaque ann\u00e9e dans 29 pays.<\/p>\n<p style=\"text-align: justify;\">VSE \u0153uvre r\u00e9guli\u00e8rement avec des institutions europ\u00e9ennes et internationales afin d\u2019influencer les lois et politiques europ\u00e9ennes et internationales relatives aux droits des victimes. VSE dispose d\u2019un statut consultatif officiel aupr\u00e8s du Conseil \u00e9conomique et social des Nations Unies et travaille en \u00e9troite collaboration avec la Commission europ\u00e9enne, le Parlement europ\u00e9en et diverses agences de l&rsquo;Union europ\u00e9enne comme l&rsquo;Agence des Droits Fondamentaux (FRA).<\/p>\n<p style=\"text-align: justify;\">VSE informe les organisations des besoins politiques \u00e0 venir, des lacunes dans les droits et de leur mise en \u0153uvre par le biais de r\u00e9ponses aux consultations, de r\u00e9unions bilat\u00e9rales, de la participation \u00e0 des groupes d&rsquo;experts et \u00e0 des conf\u00e9rences. VSE est r\u00e9guli\u00e8rement invit\u00e9 \u00e0 prendre la parole lors de conf\u00e9rences et de s\u00e9minaires pour partager son expertise en mati\u00e8re de droits des victimes et d\u2019aide aux victimes.<\/p>\n<p style=\"text-align: justify;\">VSE m\u00e8ne des actions de plaidoyer pour am\u00e9liorer les lois europ\u00e9ennes et internationales, pour d\u00e9velopper la recherche et les connaissances et pour renforcer les comp\u00e9tences tant au niveau national qu\u2019europ\u00e9en.<\/p>\n<p style=\"text-align: justify;\">Plus d&rsquo;informations sur Victim Support Europe sur le site <strong><a href=\"https:\/\/victimsupport.eu\/\" target=\"_blank\" rel=\"noopener noreferrer\">www.victimsupport.eu<\/a><\/strong><\/p>\n[\/vc_column_text][\/vc_column][vc_column column_padding=\u00a0\u00bbno-extra-padding\u00a0\u00bb column_padding_position=\u00a0\u00bball\u00a0\u00bb background_color_opacity=\u00a0\u00bb1&Prime; background_hover_color_opacity=\u00a0\u00bb1&Prime; column_link_target=\u00a0\u00bb_self\u00a0\u00bb column_shadow=\u00a0\u00bbnone\u00a0\u00bb column_border_radius=\u00a0\u00bbnone\u00a0\u00bb width=\u00a0\u00bb1\/6&Prime; tablet_width_inherit=\u00a0\u00bbdefault\u00a0\u00bb tablet_text_alignment=\u00a0\u00bbdefault\u00a0\u00bb phone_text_alignment=\u00a0\u00bbdefault\u00a0\u00bb column_border_width=\u00a0\u00bbnone\u00a0\u00bb column_border_style=\u00a0\u00bbsolid\u00a0\u00bb bg_image_animation=\u00a0\u00bbnone\u00a0\u00bb][\/vc_column][\/vc_row]\n","protected":false},"excerpt":{"rendered":"<p>[vc_row type=\u00a0\u00bbfull_width_background\u00a0\u00bb full_screen_row_position=\u00a0\u00bbmiddle\u00a0\u00bb bg_color=\u00a0\u00bb#412b85&Prime; scene_position=\u00a0\u00bbcenter\u00a0\u00bb text_color=\u00a0\u00bblight\u00a0\u00bb text_align=\u00a0\u00bbleft\u00a0\u00bb top_padding=\u00a0\u00bb3%\u00a0\u00bb bottom_padding=\u00a0\u00bb3%\u00a0\u00bb overlay_strength=\u00a0\u00bb0.3&Prime; shape_divider_position=\u00a0\u00bbbottom\u00a0\u00bb bg_image_animation=\u00a0\u00bbnone\u00a0\u00bb shape_type=\u00a0\u00bb\u00a0\u00bb][vc_column column_padding=\u00a0\u00bbno-extra-padding\u00a0\u00bb column_padding_position=\u00a0\u00bball\u00a0\u00bb&#8230;<\/p>\n","protected":false},"author":1,"featured_media":0,"parent":0,"menu_order":2,"comment_status":"closed","ping_status":"closed","template":"","meta":{"_mi_skip_tracking":false,"_exactmetrics_sitenote_active":false,"_exactmetrics_sitenote_note":"","_exactmetrics_sitenote_category":0},"_links":{"self":[{"href":"https:\/\/2019.vse-conference.eu\/fr\/wp-json\/wp\/v2\/pages\/6577"}],"collection":[{"href":"https:\/\/2019.vse-conference.eu\/fr\/wp-json\/wp\/v2\/pages"}],"about":[{"href":"https:\/\/2019.vse-conference.eu\/fr\/wp-json\/wp\/v2\/types\/page"}],"author":[{"embeddable":true,"href":"https:\/\/2019.vse-conference.eu\/fr\/wp-json\/wp\/v2\/users\/1"}],"replies":[{"embeddable":true,"href":"https:\/\/2019.vse-conference.eu\/fr\/wp-json\/wp\/v2\/comments?post=6577"}],"version-history":[{"count":6,"href":"https:\/\/2019.vse-conference.eu\/fr\/wp-json\/wp\/v2\/pages\/6577\/revisions"}],"predecessor-version":[{"id":6886,"href":"https:\/\/2019.vse-conference.eu\/fr\/wp-json\/wp\/v2\/pages\/6577\/revisions\/6886"}],"wp:attachment":[{"href":"https:\/\/2019.vse-conference.eu\/fr\/wp-json\/wp\/v2\/media?parent=6577"}],"curies":[{"name":"wp","href":"https:\/\/api.w.org\/{rel}","templated":true}]}}