{"id":6588,"date":"2019-02-25T13:44:22","date_gmt":"2019-02-25T13:44:22","guid":{"rendered":"http:\/\/2019.vse-conference.eu\/?page_id=6588"},"modified":"2019-06-04T08:51:45","modified_gmt":"2019-06-04T08:51:45","slug":"programme","status":"publish","type":"page","link":"https:\/\/2019.vse-conference.eu\/fr\/programme\/","title":{"rendered":"Programme"},"content":{"rendered":"[vc_row type=\u00a0\u00bbfull_width_background\u00a0\u00bb full_screen_row_position=\u00a0\u00bbmiddle\u00a0\u00bb bg_color=\u00a0\u00bb#412b85&Prime; scene_position=\u00a0\u00bbcenter\u00a0\u00bb text_color=\u00a0\u00bblight\u00a0\u00bb text_align=\u00a0\u00bbleft\u00a0\u00bb top_padding=\u00a0\u00bb3%\u00a0\u00bb bottom_padding=\u00a0\u00bb3%\u00a0\u00bb overlay_strength=\u00a0\u00bb0.5&Prime; shape_divider_position=\u00a0\u00bbbottom\u00a0\u00bb bg_image_animation=\u00a0\u00bbnone\u00a0\u00bb video_mute=\u00a0\u00bbtrue\u00a0\u00bb shape_type=\u00a0\u00bb\u00a0\u00bb][vc_column column_padding=\u00a0\u00bbno-extra-padding\u00a0\u00bb column_padding_position=\u00a0\u00bball\u00a0\u00bb background_color_opacity=\u00a0\u00bb1&Prime; background_hover_color_opacity=\u00a0\u00bb1&Prime; column_link_target=\u00a0\u00bb_self\u00a0\u00bb column_shadow=\u00a0\u00bbnone\u00a0\u00bb column_border_radius=\u00a0\u00bbnone\u00a0\u00bb width=\u00a0\u00bb1\/2&Prime; tablet_width_inherit=\u00a0\u00bbdefault\u00a0\u00bb tablet_text_alignment=\u00a0\u00bbdefault\u00a0\u00bb phone_text_alignment=\u00a0\u00bbdefault\u00a0\u00bb column_border_width=\u00a0\u00bbnone\u00a0\u00bb column_border_style=\u00a0\u00bbsolid\u00a0\u00bb bg_image_animation=\u00a0\u00bbnone\u00a0\u00bb][split_line_heading]\n<h2 style=\"text-transform: uppercase; font-size: 28px; line-height: 30px;\">Programme<\/h2>\n[\/split_line_heading][\/vc_column][vc_column column_padding=\u00a0\u00bbno-extra-padding\u00a0\u00bb column_padding_position=\u00a0\u00bball\u00a0\u00bb background_color_opacity=\u00a0\u00bb1&Prime; background_hover_color_opacity=\u00a0\u00bb1&Prime; column_link_target=\u00a0\u00bb_self\u00a0\u00bb column_shadow=\u00a0\u00bbnone\u00a0\u00bb column_border_radius=\u00a0\u00bbnone\u00a0\u00bb width=\u00a0\u00bb1\/2&Prime; tablet_width_inherit=\u00a0\u00bbdefault\u00a0\u00bb tablet_text_alignment=\u00a0\u00bbdefault\u00a0\u00bb phone_text_alignment=\u00a0\u00bbdefault\u00a0\u00bb column_border_width=\u00a0\u00bbnone\u00a0\u00bb column_border_style=\u00a0\u00bbsolid\u00a0\u00bb bg_image_animation=\u00a0\u00bbnone\u00a0\u00bb][\/vc_column][\/vc_row][vc_row type=\u00a0\u00bbfull_width_background\u00a0\u00bb full_screen_row_position=\u00a0\u00bbmiddle\u00a0\u00bb bg_color=\u00a0\u00bb#ffffff\u00a0\u00bb scene_position=\u00a0\u00bbcenter\u00a0\u00bb text_color=\u00a0\u00bbdark\u00a0\u00bb text_align=\u00a0\u00bbleft\u00a0\u00bb top_padding=\u00a0\u00bb3%\u00a0\u00bb bottom_padding=\u00a0\u00bb2%\u00a0\u00bb overlay_strength=\u00a0\u00bb0.3&Prime; shape_divider_position=\u00a0\u00bbbottom\u00a0\u00bb bg_image_animation=\u00a0\u00bbnone\u00a0\u00bb shape_type=\u00a0\u00bb\u00a0\u00bb][vc_column column_padding=\u00a0\u00bbno-extra-padding\u00a0\u00bb column_padding_position=\u00a0\u00bball\u00a0\u00bb background_color_opacity=\u00a0\u00bb1&Prime; background_hover_color_opacity=\u00a0\u00bb1&Prime; column_link_target=\u00a0\u00bb_self\u00a0\u00bb column_shadow=\u00a0\u00bbnone\u00a0\u00bb column_border_radius=\u00a0\u00bbnone\u00a0\u00bb width=\u00a0\u00bb1\/1&Prime; tablet_width_inherit=\u00a0\u00bbdefault\u00a0\u00bb tablet_text_alignment=\u00a0\u00bbdefault\u00a0\u00bb phone_text_alignment=\u00a0\u00bbdefault\u00a0\u00bb column_border_width=\u00a0\u00bbnone\u00a0\u00bb column_border_style=\u00a0\u00bbsolid\u00a0\u00bb bg_image_animation=\u00a0\u00bbnone\u00a0\u00bb][vc_column_text css=\u00a0\u00bb.vc_custom_1558097887558{margin-top: -8px !important;margin-bottom: -8px !important;}\u00a0\u00bb]\n<h3 style=\"color: #412b85; font-size: 25px; font-weight: bold; text-transform: none;\"><span style=\"color: #c7c7c7;\">Mardi 11 Juin 2019<\/span><\/h3>\n<p style=\"padding-bottom: 0; font-weight: bold;\">D\u00eener de pr\u00e9-conf\u00e9rence au Conseil de l&rsquo;Europe<\/p>\n[\/vc_column_text][\/vc_column][\/vc_row][vc_row type=\u00a0\u00bbfull_width_background\u00a0\u00bb full_screen_row_position=\u00a0\u00bbmiddle\u00a0\u00bb bg_color=\u00a0\u00bb#ffffff\u00a0\u00bb scene_position=\u00a0\u00bbcenter\u00a0\u00bb text_color=\u00a0\u00bbdark\u00a0\u00bb text_align=\u00a0\u00bbleft\u00a0\u00bb top_padding=\u00a0\u00bb3%\u00a0\u00bb bottom_padding=\u00a0\u00bb4%\u00a0\u00bb overlay_strength=\u00a0\u00bb0.3&Prime; shape_divider_position=\u00a0\u00bbbottom\u00a0\u00bb bg_image_animation=\u00a0\u00bbnone\u00a0\u00bb shape_type=\u00a0\u00bb\u00a0\u00bb][vc_column column_padding=\u00a0\u00bbno-extra-padding\u00a0\u00bb column_padding_position=\u00a0\u00bball\u00a0\u00bb background_color_opacity=\u00a0\u00bb1&Prime; background_hover_color_opacity=\u00a0\u00bb1&Prime; column_link_target=\u00a0\u00bb_self\u00a0\u00bb column_shadow=\u00a0\u00bbnone\u00a0\u00bb column_border_radius=\u00a0\u00bbnone\u00a0\u00bb width=\u00a0\u00bb1\/4&Prime; tablet_width_inherit=\u00a0\u00bbdefault\u00a0\u00bb tablet_text_alignment=\u00a0\u00bbdefault\u00a0\u00bb phone_text_alignment=\u00a0\u00bbdefault\u00a0\u00bb column_border_width=\u00a0\u00bbnone\u00a0\u00bb column_border_style=\u00a0\u00bbsolid\u00a0\u00bb bg_image_animation=\u00a0\u00bbnone\u00a0\u00bb][vc_column_text]\n<h2 style=\"color: #f05d22;\"><strong>JOUR 1<\/strong><\/h2>\n[divider line_type=\u00a0\u00bbSmall Line\u00a0\u00bb custom_height=\u00a0\u00bb\u00a0\u00bb]<span style=\"color: #412b85;\">Mercredi<br \/>\n12 juin 2019<\/span>[\/vc_column_text][\/vc_column][vc_column column_padding=\u00a0\u00bbno-extra-padding\u00a0\u00bb column_padding_position=\u00a0\u00bball\u00a0\u00bb background_color_opacity=\u00a0\u00bb1&Prime; background_hover_color_opacity=\u00a0\u00bb1&Prime; column_link_target=\u00a0\u00bb_self\u00a0\u00bb column_shadow=\u00a0\u00bbnone\u00a0\u00bb column_border_radius=\u00a0\u00bbnone\u00a0\u00bb width=\u00a0\u00bb3\/4&Prime; tablet_width_inherit=\u00a0\u00bbdefault\u00a0\u00bb tablet_text_alignment=\u00a0\u00bbdefault\u00a0\u00bb phone_text_alignment=\u00a0\u00bbdefault\u00a0\u00bb column_border_width=\u00a0\u00bbnone\u00a0\u00bb column_border_style=\u00a0\u00bbsolid\u00a0\u00bb bg_image_animation=\u00a0\u00bbnone\u00a0\u00bb][vc_column_text css=\u00a0\u00bb.vc_custom_1559115968361{margin-top: -8px !important;margin-bottom: -8px !important;}\u00a0\u00bb]\n<h3 style=\"color: #412b85; font-size: 25px; font-weight: bold;\"><span style=\"color: #c7c7c7;\">08:00 \u2013 09:00<\/span> \u00c9margement et accueil<\/h3>\n<hr \/>\n[\/vc_column_text][divider line_type=\u00a0\u00bbNo Line\u00a0\u00bb custom_height=\u00a0\u00bb35&Prime;][vc_column_text css=\u00a0\u00bb.vc_custom_1559115957371{margin-top: -8px !important;margin-bottom: -8px !important;}\u00a0\u00bb]\n<h3 style=\"color: #412b85; font-size: 25px; font-weight: bold;\"><span style=\"color: #c7c7c7;\">09:00 \u2013 09:10<\/span> Propos de bienvenue<\/h3>\n<ul>\n<li><strong>Jo<span class=\"st\">\u00e3<\/span>o L<span class=\"st\">\u00e1<\/span>zaro<\/strong> &#8211; Pr\u00e9sident de Victim Support Europe<\/li>\n<li><strong>Maryse Le Men R\u00e9gnier<\/strong> &#8211; Pr\u00e9sidente de France Victimes<\/li>\n<\/ul>\n<hr \/>\n[\/vc_column_text][divider line_type=\u00a0\u00bbNo Line\u00a0\u00bb custom_height=\u00a0\u00bb35&Prime;][vc_column_text css=\u00a0\u00bb.vc_custom_1559638292298{margin-top: -8px !important;margin-bottom: -8px !important;}\u00a0\u00bb]\n<h3 style=\"color: #412b85; font-size: 25px; font-weight: bold;\"><span style=\"color: #c7c7c7;\">09:10 \u2013 09:40<\/span> Discours d&rsquo;ouverture<\/h3>\n<ul>\n<li><strong>Katarzyna Janicka-Pawlowska<\/strong> &#8211; Commission Europ\u00e9enne, Direction g\u00e9n\u00e9rale de la justice et des consommateurs<\/li>\n<li><strong>Jo\u00eblle Milquet<\/strong> &#8211; Conseill\u00e8re Sp\u00e9ciale du Pr\u00e9sident de la Commission Europ\u00e9enne pour l&rsquo;indemnisation des victimes d&rsquo;infraction<\/li>\n<li><strong>Chantal Cutajar<\/strong> &#8211; Adjointe au Maire de Strasbourg<\/li>\n<\/ul>\n<p><strong>T\u00e9moignage de victime: Romain Ruiz<\/strong><\/p>\n<hr \/>\n[\/vc_column_text][divider line_type=\u00a0\u00bbNo Line\u00a0\u00bb custom_height=\u00a0\u00bb35&Prime;][vc_column_text css=\u00a0\u00bb.vc_custom_1559117149006{margin-top: -8px !important;margin-bottom: -8px !important;}\u00a0\u00bb]\n<h3 style=\"color: #412b85; font-size: 25px; font-weight: bold;\"><span style=\"color: #c7c7c7;\">09:40 \u2013 10:00<\/span> Discours liminaire \u2013 Conf\u00e9rencier d&rsquo;honneur<\/h3>\n<p><strong>Catherine Rossi, Professeure de Criminologie \u00e0 l&rsquo;Universit\u00e9 de Laval (Qu\u00e9bec)<\/strong><\/p>\n<hr \/>\n[\/vc_column_text][divider line_type=\u00a0\u00bbNo Line\u00a0\u00bb custom_height=\u00a0\u00bb35&Prime;][vc_column_text css=\u00a0\u00bb.vc_custom_1559312584626{margin-top: -8px !important;margin-bottom: -8px !important;}\u00a0\u00bb]\n<h3 style=\"color: #412b85; font-size: 25px; font-weight: bold; text-transform: none;\"><span style=\"color: #c7c7c7;\">10:00 \u2013 11:00<\/span> Pl\u00e9ni\u00e8re I \u2013 Table ronde : Comment repenser l&rsquo;int\u00e9gration de la victime dans les syst\u00e8mes judiciaires ?<\/h3>\n<p style=\"padding-bottom: 0;\">\u00a0\u00a0\u00a0 \u2022 <strong>Les audiences pour violences sexuelles et violences conjugales : une \u00e9volution \u00e0 envisager ?<\/strong> Tom O\u2019Malley, avocat (Irlande)<\/p>\n<p>&nbsp;<\/p>\n<p style=\"padding-bottom: 0;\">\u00a0\u00a0\u00a0 \u2022 <strong>Comment am\u00e9liorer la coop\u00e9ration judiciaire pour permettre aux victimes d&rsquo;assister \u00e0 une audience \u00e0 l&rsquo;\u00e9tranger ?<\/strong> Elisabeth Pelsez, d\u00e9l\u00e9gu\u00e9e interminist\u00e9rielle \u00e0 l\u2019aide aux victimes (France)<\/p>\n<p>&nbsp;<\/p>\n<p style=\"padding-bottom: 0;\">\u00a0\u00a0\u00a0 \u2022<strong> R\u00e9duire la victimisation secondaire pendant le proc\u00e8s<\/strong> &#8211; Fr\u00e9d\u00e9ric Almendros, procureur de la R\u00e9publique (France) et Ellen O&rsquo;Neill-Stephens &#8211; Courthouse Dogs Foundation (Etats-Unis)<\/p>\n<hr \/>\n[\/vc_column_text][divider line_type=\u00a0\u00bbNo Line\u00a0\u00bb custom_height=\u00a0\u00bb35&Prime;][vc_column_text css=\u00a0\u00bb.vc_custom_1558097909636{margin-top: -8px !important;margin-bottom: -8px !important;}\u00a0\u00bb]\n<h3 style=\"color: #412b85; font-size: 25px; font-weight: bold;\"><span style=\"color: #c7c7c7;\">11:00 \u2013 11:20<\/span>\u00a0Pause caf\u00e9<\/h3>\n<hr \/>\n[\/vc_column_text][vc_column_text css=\u00a0\u00bb.vc_custom_1558097924931{margin-top: -8px !important;margin-bottom: -8px !important;background-color: #efefef !important;}\u00a0\u00bb]\n<h3 style=\"color: #412b85; font-size: 25px; font-weight: bold; margin-top: 7px; padding-top: 20px;\"><span style=\"color: #c7c7c7;\">11:20 \u2013 12:50<\/span>\u00a0Bloc d&rsquo;ateliers I<\/h3>\n<hr \/>\n[\/vc_column_text][divider line_type=\u00a0\u00bbNo Line\u00a0\u00bb custom_height=\u00a0\u00bb35&Prime;][vc_column_text css=\u00a0\u00bb.vc_custom_1558097941890{margin-top: -8px !important;margin-bottom: -8px !important;}\u00a0\u00bb]\n<h3 style=\"color: #412b85; font-size: 25px; font-weight: bold;\"><span style=\"color: #c7c7c7;\">12:50 \u2013 14:15<\/span> D\u00e9jeuner<\/h3>\n<hr \/>\n[\/vc_column_text][divider line_type=\u00a0\u00bbNo Line\u00a0\u00bb custom_height=\u00a0\u00bb35&Prime;][vc_column_text css=\u00a0\u00bb.vc_custom_1559312437380{margin-top: -8px !important;margin-bottom: -8px !important;}\u00a0\u00bb]\n<h3 style=\"color: #412b85; font-size: 25px; font-weight: bold; text-transform: none;\"><span style=\"color: #c7c7c7;\">14:15 \u2013 15:15<\/span> Pl\u00e9ni\u00e8re II \u2013 Quelles sont les diff\u00e9rentes voies pour venir en aide aux victimes ?<\/h3>\n<p style=\"padding-bottom: 0;\">\u00a0\u00a0\u00a0 \u2022 <strong>Qu&rsquo;entendons-nous par syst\u00e8me national d&rsquo;aide aux victimes ?<\/strong> Levent Altan, directeur g\u00e9n\u00e9ral de Victim Support Europe<\/p>\n<p>&nbsp;<\/p>\n<p style=\"padding-bottom: 0;\">\u00a0\u00a0\u00a0 \u2022 <strong>Secouristes : int\u00e9grer la dimension de soutien aux victimes dans ces professions <\/strong>&#8211; St\u00e9phanie Tom\u00e9 experte psychologique au SDIS 68 &#8211; F\u00e9d\u00e9ration Nationale des Sapeurs-Pompiers de France<br \/>\n<strong><br \/>\n<\/strong><\/p>\n<p style=\"padding-bottom: 0;\">\u00a0\u00a0\u00a0 \u2022 <strong>L&rsquo;aide \u00e0 distance : illustration par les plateformes t\u00e9l\u00e9phoniques d&rsquo;aide aux victimes<\/strong> &#8211; Mafalda Val\u00e9rio, Chef de projet &#8211; APAV (Portugal)<\/p>\n<hr \/>\n[\/vc_column_text][divider line_type=\u00a0\u00bbNo Line\u00a0\u00bb custom_height=\u00a0\u00bb35&Prime;][vc_column_text css=\u00a0\u00bb.vc_custom_1558097966139{margin-top: -8px !important;margin-bottom: -8px !important;}\u00a0\u00bb]\n<h3 style=\"color: #412b85; font-size: 25px; font-weight: bold;\"><span style=\"color: #c7c7c7;\">15:15 \u2013 15:35<\/span> Pause caf\u00e9<\/h3>\n<hr \/>\n[\/vc_column_text][vc_column_text css=\u00a0\u00bb.vc_custom_1558097976047{margin-top: -8px !important;margin-bottom: -8px !important;background-color: #efefef !important;}\u00a0\u00bb]\n<h3 style=\"color: #412b85; font-size: 25px; font-weight: bold; margin-top: 7px; padding-top: 20px;\"><span style=\"color: #c7c7c7;\">15:35 \u2013 17:05<\/span> Bloc d&rsquo;ateliers II<\/h3>\n<hr \/>\n[\/vc_column_text][vc_column_text css=\u00a0\u00bb.vc_custom_1559116628686{margin-top: -8px !important;margin-bottom: -8px !important;}\u00a0\u00bb]\n<h3 style=\"color: #412b85; font-size: 25px; font-weight: bold; margin-top: 7px; padding-top: 20px;\"><span style=\"color: #c7c7c7;\">17:05 &#8211; 17:15<\/span> Conclusion Jour 1<\/h3>\n<p><strong>Richard Olszewski <\/strong>&#8211; Vice-Pr\u00e9sident de Victim Support Europe et Vice-Pr\u00e9sident de France Victimes<\/p>\n<hr \/>\n[\/vc_column_text][vc_column_text css=\u00a0\u00bb.vc_custom_1558337320564{margin-top: -8px !important;margin-bottom: -8px !important;}\u00a0\u00bb]\n<h3 style=\"color: #412b85; font-size: 25px; font-weight: bold; margin-top: 7px; padding-top: 20px;\"><span style=\"color: #c7c7c7;\">17:30<\/span> Tour en bateau (d\u00e9part Parlement Europ\u00e9en)<\/h3>\n<hr \/>\n[\/vc_column_text][divider line_type=\u00a0\u00bbNo Line\u00a0\u00bb custom_height=\u00a0\u00bb35&Prime;][vc_column_text css=\u00a0\u00bb.vc_custom_1558337357627{margin-top: -8px !important;margin-bottom: -8px !important;}\u00a0\u00bb]\n<h3 style=\"color: #412b85; font-size: 25px; font-weight: bold; text-transform: none;\"><span style=\"color: #c7c7c7;\">20:00<\/span> D\u00eener \u00e0 l&rsquo;H\u00f4tel de Ville de Strasbourg<\/h3>\n[\/vc_column_text][\/vc_column][\/vc_row][vc_row type=\u00a0\u00bbfull_width_background\u00a0\u00bb full_screen_row_position=\u00a0\u00bbmiddle\u00a0\u00bb bg_color=\u00a0\u00bb#ffffff\u00a0\u00bb scene_position=\u00a0\u00bbcenter\u00a0\u00bb text_color=\u00a0\u00bbdark\u00a0\u00bb text_align=\u00a0\u00bbleft\u00a0\u00bb top_padding=\u00a0\u00bb3%\u00a0\u00bb bottom_padding=\u00a0\u00bb4%\u00a0\u00bb overlay_strength=\u00a0\u00bb0.3&Prime; shape_divider_position=\u00a0\u00bbbottom\u00a0\u00bb bg_image_animation=\u00a0\u00bbnone\u00a0\u00bb shape_type=\u00a0\u00bb\u00a0\u00bb][vc_column column_padding=\u00a0\u00bbno-extra-padding\u00a0\u00bb column_padding_position=\u00a0\u00bball\u00a0\u00bb background_color_opacity=\u00a0\u00bb1&Prime; background_hover_color_opacity=\u00a0\u00bb1&Prime; column_link_target=\u00a0\u00bb_self\u00a0\u00bb column_shadow=\u00a0\u00bbnone\u00a0\u00bb column_border_radius=\u00a0\u00bbnone\u00a0\u00bb width=\u00a0\u00bb1\/4&Prime; tablet_width_inherit=\u00a0\u00bbdefault\u00a0\u00bb tablet_text_alignment=\u00a0\u00bbdefault\u00a0\u00bb phone_text_alignment=\u00a0\u00bbdefault\u00a0\u00bb column_border_width=\u00a0\u00bbnone\u00a0\u00bb column_border_style=\u00a0\u00bbsolid\u00a0\u00bb bg_image_animation=\u00a0\u00bbnone\u00a0\u00bb][vc_column_text]\n<h2 style=\"color: #f05d22;\"><strong>JOUR 2<\/strong><\/h2>\n[divider line_type=\u00a0\u00bbSmall Line\u00a0\u00bb custom_height=\u00a0\u00bb\u00a0\u00bb]<span style=\"color: #412b85;\">Jeudi<br \/>\n13 juin 2019<\/span>[\/vc_column_text][\/vc_column][vc_column column_padding=\u00a0\u00bbno-extra-padding\u00a0\u00bb column_padding_position=\u00a0\u00bball\u00a0\u00bb background_color_opacity=\u00a0\u00bb1&Prime; background_hover_color_opacity=\u00a0\u00bb1&Prime; column_link_target=\u00a0\u00bb_self\u00a0\u00bb column_shadow=\u00a0\u00bbnone\u00a0\u00bb column_border_radius=\u00a0\u00bbnone\u00a0\u00bb width=\u00a0\u00bb3\/4&Prime; tablet_width_inherit=\u00a0\u00bbdefault\u00a0\u00bb tablet_text_alignment=\u00a0\u00bbdefault\u00a0\u00bb phone_text_alignment=\u00a0\u00bbdefault\u00a0\u00bb column_border_width=\u00a0\u00bbnone\u00a0\u00bb column_border_style=\u00a0\u00bbsolid\u00a0\u00bb bg_image_animation=\u00a0\u00bbnone\u00a0\u00bb][vc_column_text css=\u00a0\u00bb.vc_custom_1558106314104{margin-top: -8px !important;margin-bottom: -8px !important;}\u00a0\u00bb]\n<h3 style=\"color: #412b85; font-size: 25px; font-weight: bold; text-transform: none;\"><span style=\"color: #c7c7c7;\">08:00 \u2013 09:00<\/span>\u00a0Accueil et \u00e9margement<\/h3>\n<hr \/>\n[\/vc_column_text][divider line_type=\u00a0\u00bbNo Line\u00a0\u00bb custom_height=\u00a0\u00bb35&Prime;][vc_column_text css=\u00a0\u00bb.vc_custom_1559551017517{margin-top: -8px !important;margin-bottom: -8px !important;}\u00a0\u00bb]\n<h3 style=\"color: #412b85; font-size: 25px; font-weight: bold; text-transform: none;\"><span style=\"color: #c7c7c7;\">09:00 \u2013 09:10<\/span> Introduction<\/h3>\n<p><strong>Albin Dearing<\/strong> &#8211; European Union Agency for Fundamental Rights<\/p>\n<hr \/>\n[\/vc_column_text][divider line_type=\u00a0\u00bbNo Line\u00a0\u00bb custom_height=\u00a0\u00bb35&Prime;][vc_column_text css=\u00a0\u00bb.vc_custom_1559312552663{margin-top: -8px !important;margin-bottom: -8px !important;}\u00a0\u00bb]\n<h3 style=\"color: #412b85; font-size: 25px; font-weight: bold; text-transform: none;\"><span style=\"color: #c7c7c7;\">09:10 \u2013 10:30<\/span> Pl\u00e9ni\u00e8re III \u2013 Quels chemins vers la reconstruction ?<\/h3>\n<p style=\"padding-bottom: 0;\">\u00a0\u00a0\u00a0 \u2022<strong> Quel soutien psychologique pour quelle victime : \u00e9valuer les besoins pour proposer un accompagnement sp\u00e9cifique ? <\/strong>Bruno Brito, Psychologue, Manager de RAFAVHVT &#8211; APAV (Portugal)<strong><br \/>\n<\/strong><\/p>\n<p>&nbsp;<\/p>\n<p style=\"padding-bottom: 0;\">\u00a0\u00a0\u00a0 \u2022 <strong>Comment trouver un psychologue adapt\u00e9 : d\u00e9velopper un r\u00e9seau d&rsquo;experts ? <\/strong>Thierry Baubet &#8211; Centre National de Ressources et de R\u00e9silience (France)<\/p>\n<p>&nbsp;<\/p>\n<p style=\"padding-bottom: 0;\">\u00a0\u00a0\u00a0 \u2022 <strong>Renforcer la reconstruction des victimes via la justice restaurative : mettre l&rsquo;accent sur un soutien compl\u00e9mentaire &#8211; <\/strong>H\u00e9lo\u00efse Squelbut, Coordinatrice de la branche Nord-Est de l&rsquo;Institut Fran\u00e7ais pour la Justice Restaurative (France)<\/p>\n<p>&nbsp;<\/p>\n<p style=\"padding-bottom: 0;\">\u00a0\u00a0\u00a0 \u2022 <strong>Faire \u00e9voluer les syst\u00e8mes d&rsquo;indemnisation des victimes &#8211; <\/strong>Ruth Shrimpling, Charg\u00e9e de mission &#8211; Victim Support Europe<\/p>\n<p>&nbsp;<\/p>\n<p>Questions \/ R\u00e9ponses (20 mins)<\/p>\n<hr \/>\n[\/vc_column_text][divider line_type=\u00a0\u00bbNo Line\u00a0\u00bb custom_height=\u00a0\u00bb35&Prime;][vc_column_text css=\u00a0\u00bb.vc_custom_1551102624960{margin-top: -8px !important;margin-bottom: -8px !important;}\u00a0\u00bb]\n<h3 style=\"color: #412b85; font-size: 25px; font-weight: bold;\"><span style=\"color: #c7c7c7;\">10:30 \u2013 11:00<\/span>\u00a0Pause caf\u00e9<\/h3>\n<hr \/>\n[\/vc_column_text][vc_column_text css=\u00a0\u00bb.vc_custom_1551102667661{margin-top: -8px !important;margin-bottom: -8px !important;background-color: #efefef !important;}\u00a0\u00bb]\n<h3 style=\"color: #412b85; font-size: 25px; font-weight: bold; margin-top: 7px; padding-top: 20px;\"><span style=\"color: #c7c7c7;\">11:00 \u2013 12:30<\/span> Bloc d&rsquo;ateliers III<\/h3>\n<hr \/>\n[\/vc_column_text][divider line_type=\u00a0\u00bbNo Line\u00a0\u00bb custom_height=\u00a0\u00bb35&Prime;][vc_column_text css=\u00a0\u00bb.vc_custom_1551102694348{margin-top: -8px !important;margin-bottom: -8px !important;}\u00a0\u00bb]\n<h3 style=\"color: #412b85; font-size: 25px; font-weight: bold;\"><span style=\"color: #c7c7c7;\">12:30 \u2013 13:30<\/span>\u00a0D\u00e9jeuner<\/h3>\n<hr \/>\n[\/vc_column_text][vc_column_text css=\u00a0\u00bb.vc_custom_1551102657869{margin-top: -8px !important;margin-bottom: -8px !important;background-color: #efefef !important;}\u00a0\u00bb]\n<h3 style=\"color: #412b85; font-size: 25px; font-weight: bold; margin-top: 7px; padding-top: 20px;\"><span style=\"color: #c7c7c7;\">13:30 \u2013 15:00<\/span> Bloc d&rsquo;ateliers IV<\/h3>\n<hr \/>\n[\/vc_column_text][divider line_type=\u00a0\u00bbNo Line\u00a0\u00bb custom_height=\u00a0\u00bb35&Prime;][vc_column_text css=\u00a0\u00bb.vc_custom_1551102685212{margin-top: -8px !important;margin-bottom: -8px !important;}\u00a0\u00bb]\n<h3 style=\"color: #412b85; font-size: 25px; font-weight: bold;\"><span style=\"color: #c7c7c7;\">15:00 \u2013 15:30<\/span>\u00a0Pause caf\u00e9<\/h3>\n<hr \/>\n[\/vc_column_text][divider line_type=\u00a0\u00bbNo Line\u00a0\u00bb custom_height=\u00a0\u00bb35&Prime;][vc_column_text css=\u00a0\u00bb.vc_custom_1559116172167{margin-top: -8px !important;margin-bottom: -8px !important;}\u00a0\u00bb]\n<h3 style=\"color: #412b85; font-size: 25px; font-weight: bold; text-transform: none;\"><span style=\"color: #c7c7c7;\">15:30 \u2013 17:00<\/span> Pl\u00e9ni\u00e8re IV \u2013 Pl\u00e9ni\u00e8re interactive \u2013 Atteindre une aide aux victimes de qualit\u00e9<\/h3>\n<p><strong>Comment d\u00e9velopper des services de qualit\u00e9\u00a0?<br \/>\n<\/strong><strong>J\u00e9r\u00f4me Bertin<\/strong>, directeur g\u00e9n\u00e9ral F\u00e9d\u00e9ration France Victimes<br \/>\n<strong>Victim Support Europe<\/strong><br \/>\nQuestions et discussions avec le public<\/p>\n<p>&nbsp;<\/p>\n<p><strong>Les services aux victimes par des victimes\u00a0: la pair-aidance<br \/>\n<\/strong><strong>APEV, <\/strong>association d\u2019aide aux parents d\u2019enfants victimes<strong> \u2013 Alain Boulay<br \/>\n<\/strong><strong>FENVAC, <\/strong>f\u00e9d\u00e9ration nationale des victimes d\u2019accidents collectifs<strong> \u2013 Pierre-Etienne Denis<br \/>\n<\/strong><strong>AFVT, <\/strong>association fran\u00e7aise des victimes de terrorisme<strong> \u2013 Guillaume Denoix de Saint Marc<br \/>\n<\/strong>Questions et discussions avec le public<\/p>\n<hr \/>\n[\/vc_column_text][divider line_type=\u00a0\u00bbNo Line\u00a0\u00bb custom_height=\u00a0\u00bb35&Prime;][vc_column_text css=\u00a0\u00bb.vc_custom_1559116766192{margin-top: -8px !important;margin-bottom: -8px !important;}\u00a0\u00bb]\n<h3 style=\"color: #412b85; font-size: 25px; font-weight: bold; text-transform: none;\"><span style=\"color: #c7c7c7;\">17:00 <\/span>Discours de cl\u00f4ture de la Conf\u00e9rence<\/h3>\n<ul>\n<li><strong>Jo<span class=\"st\">\u00e3<\/span>o L<span class=\"st\">\u00e1<\/span>zaro<\/strong> &#8211; Pr\u00e9sident de Victim Support Europe<\/li>\n<li><strong>Maryse Le Men R\u00e9gnier<\/strong> &#8211; Pr\u00e9sidente de France Victimes<\/li>\n<\/ul>\n<hr \/>\n[\/vc_column_text][divider line_type=\u00a0\u00bbNo Line\u00a0\u00bb custom_height=\u00a0\u00bb35&Prime;][vc_column_text css=\u00a0\u00bb.vc_custom_1558106235277{margin-top: -8px !important;margin-bottom: -8px !important;}\u00a0\u00bb]\n<h3 style=\"color: #412b85; font-size: 25px; font-weight: bold; margin-top: 7px;\"><span style=\"color: #c7c7c7;\">18:30<\/span> Visite guid\u00e9e de la Petite France (centre de Strasbourg) et d\u00eener<\/h3>\n<hr \/>\n[\/vc_column_text][\/vc_column][\/vc_row]\n","protected":false},"excerpt":{"rendered":"<p>[vc_row type=\u00a0\u00bbfull_width_background\u00a0\u00bb full_screen_row_position=\u00a0\u00bbmiddle\u00a0\u00bb bg_color=\u00a0\u00bb#412b85&Prime; scene_position=\u00a0\u00bbcenter\u00a0\u00bb text_color=\u00a0\u00bblight\u00a0\u00bb text_align=\u00a0\u00bbleft\u00a0\u00bb top_padding=\u00a0\u00bb3%\u00a0\u00bb bottom_padding=\u00a0\u00bb3%\u00a0\u00bb overlay_strength=\u00a0\u00bb0.5&Prime; shape_divider_position=\u00a0\u00bbbottom\u00a0\u00bb bg_image_animation=\u00a0\u00bbnone\u00a0\u00bb video_mute=\u00a0\u00bbtrue\u00a0\u00bb shape_type=\u00a0\u00bb\u00a0\u00bb][vc_column column_padding=\u00a0\u00bbno-extra-padding\u00a0\u00bb&#8230;<\/p>\n","protected":false},"author":1,"featured_media":0,"parent":0,"menu_order":3,"comment_status":"closed","ping_status":"closed","template":"","meta":{"_mi_skip_tracking":false,"_exactmetrics_sitenote_active":false,"_exactmetrics_sitenote_note":"","_exactmetrics_sitenote_category":0},"_links":{"self":[{"href":"https:\/\/2019.vse-conference.eu\/fr\/wp-json\/wp\/v2\/pages\/6588"}],"collection":[{"href":"https:\/\/2019.vse-conference.eu\/fr\/wp-json\/wp\/v2\/pages"}],"about":[{"href":"https:\/\/2019.vse-conference.eu\/fr\/wp-json\/wp\/v2\/types\/page"}],"author":[{"embeddable":true,"href":"https:\/\/2019.vse-conference.eu\/fr\/wp-json\/wp\/v2\/users\/1"}],"replies":[{"embeddable":true,"href":"https:\/\/2019.vse-conference.eu\/fr\/wp-json\/wp\/v2\/comments?post=6588"}],"version-history":[{"count":40,"href":"https:\/\/2019.vse-conference.eu\/fr\/wp-json\/wp\/v2\/pages\/6588\/revisions"}],"predecessor-version":[{"id":7331,"href":"https:\/\/2019.vse-conference.eu\/fr\/wp-json\/wp\/v2\/pages\/6588\/revisions\/7331"}],"wp:attachment":[{"href":"https:\/\/2019.vse-conference.eu\/fr\/wp-json\/wp\/v2\/media?parent=6588"}],"curies":[{"name":"wp","href":"https:\/\/api.w.org\/{rel}","templated":true}]}}