{"id":6595,"date":"2019-02-25T14:05:29","date_gmt":"2019-02-25T14:05:29","guid":{"rendered":"http:\/\/2019.vse-conference.eu\/?page_id=6595"},"modified":"2019-03-04T15:31:23","modified_gmt":"2019-03-04T15:31:23","slug":"plenieres","status":"publish","type":"page","link":"https:\/\/2019.vse-conference.eu\/fr\/plenieres\/","title":{"rendered":"Pl\u00e9ni\u00e8res"},"content":{"rendered":"[vc_row type=\u00a0\u00bbfull_width_background\u00a0\u00bb full_screen_row_position=\u00a0\u00bbmiddle\u00a0\u00bb bg_color=\u00a0\u00bb#412b85&Prime; scene_position=\u00a0\u00bbcenter\u00a0\u00bb text_color=\u00a0\u00bblight\u00a0\u00bb text_align=\u00a0\u00bbleft\u00a0\u00bb top_padding=\u00a0\u00bb3%\u00a0\u00bb bottom_padding=\u00a0\u00bb3%\u00a0\u00bb overlay_strength=\u00a0\u00bb0.5&Prime; shape_divider_position=\u00a0\u00bbbottom\u00a0\u00bb bg_image_animation=\u00a0\u00bbnone\u00a0\u00bb video_mute=\u00a0\u00bbtrue\u00a0\u00bb shape_type=\u00a0\u00bb\u00a0\u00bb][vc_column column_padding=\u00a0\u00bbno-extra-padding\u00a0\u00bb column_padding_position=\u00a0\u00bball\u00a0\u00bb background_color_opacity=\u00a0\u00bb1&Prime; background_hover_color_opacity=\u00a0\u00bb1&Prime; column_link_target=\u00a0\u00bb_self\u00a0\u00bb column_shadow=\u00a0\u00bbnone\u00a0\u00bb column_border_radius=\u00a0\u00bbnone\u00a0\u00bb width=\u00a0\u00bb1\/2&Prime; tablet_width_inherit=\u00a0\u00bbdefault\u00a0\u00bb tablet_text_alignment=\u00a0\u00bbdefault\u00a0\u00bb phone_text_alignment=\u00a0\u00bbdefault\u00a0\u00bb column_border_width=\u00a0\u00bbnone\u00a0\u00bb column_border_style=\u00a0\u00bbsolid\u00a0\u00bb bg_image_animation=\u00a0\u00bbnone\u00a0\u00bb][split_line_heading]\n<h2 style=\"text-transform: uppercase; font-size: 28px; line-height: 30px;\">PL\u00e9NI\u00e8RES<\/h2>\n[\/split_line_heading][\/vc_column][vc_column column_padding=\u00a0\u00bbno-extra-padding\u00a0\u00bb column_padding_position=\u00a0\u00bball\u00a0\u00bb background_color_opacity=\u00a0\u00bb1&Prime; background_hover_color_opacity=\u00a0\u00bb1&Prime; column_link_target=\u00a0\u00bb_self\u00a0\u00bb column_shadow=\u00a0\u00bbnone\u00a0\u00bb column_border_radius=\u00a0\u00bbnone\u00a0\u00bb width=\u00a0\u00bb1\/2&Prime; tablet_width_inherit=\u00a0\u00bbdefault\u00a0\u00bb tablet_text_alignment=\u00a0\u00bbdefault\u00a0\u00bb phone_text_alignment=\u00a0\u00bbdefault\u00a0\u00bb column_border_width=\u00a0\u00bbnone\u00a0\u00bb column_border_style=\u00a0\u00bbsolid\u00a0\u00bb bg_image_animation=\u00a0\u00bbnone\u00a0\u00bb][\/vc_column][\/vc_row][vc_row type=\u00a0\u00bbfull_width_background\u00a0\u00bb full_screen_row_position=\u00a0\u00bbmiddle\u00a0\u00bb bg_color=\u00a0\u00bb#ffffff\u00a0\u00bb scene_position=\u00a0\u00bbcenter\u00a0\u00bb text_color=\u00a0\u00bbdark\u00a0\u00bb text_align=\u00a0\u00bbleft\u00a0\u00bb top_padding=\u00a0\u00bb3%\u00a0\u00bb bottom_padding=\u00a0\u00bb4%\u00a0\u00bb overlay_strength=\u00a0\u00bb0.3&Prime; shape_divider_position=\u00a0\u00bbbottom\u00a0\u00bb bg_image_animation=\u00a0\u00bbnone\u00a0\u00bb shape_type=\u00a0\u00bb\u00a0\u00bb][vc_column column_padding=\u00a0\u00bbno-extra-padding\u00a0\u00bb column_padding_position=\u00a0\u00bball\u00a0\u00bb background_color_opacity=\u00a0\u00bb1&Prime; background_hover_color_opacity=\u00a0\u00bb1&Prime; column_link_target=\u00a0\u00bb_self\u00a0\u00bb column_shadow=\u00a0\u00bbnone\u00a0\u00bb column_border_radius=\u00a0\u00bbnone\u00a0\u00bb width=\u00a0\u00bb5\/6&Prime; tablet_width_inherit=\u00a0\u00bbdefault\u00a0\u00bb tablet_text_alignment=\u00a0\u00bbdefault\u00a0\u00bb phone_text_alignment=\u00a0\u00bbdefault\u00a0\u00bb column_border_width=\u00a0\u00bbnone\u00a0\u00bb column_border_style=\u00a0\u00bbsolid\u00a0\u00bb bg_image_animation=\u00a0\u00bbnone\u00a0\u00bb][vc_column_text css=\u00a0\u00bb.vc_custom_1551713217276{margin-top: -8px !important;margin-bottom: -8px !important;}\u00a0\u00bb]\n<h3 style=\"margin-bottom: 25px; text-transform: none;\">Victimes : un parcours \u00e0 plusieurs voies pour se reconstruire<\/h3>\n<p style=\"text-align: justify;\">Cette ann\u00e9e, la Conf\u00e9rence Annuelle de Victim Support Europe comprendra trois s\u00e9ances pl\u00e9ni\u00e8res dites \u00ab traditionnelles \u00bb et une s\u00e9ance pl\u00e9ni\u00e8re interactive, via un format de conversation \u00e0 double sens entre les intervenants et les auditeurs : un moyen particuli\u00e8rement attrayant de pr\u00e9senter du contenu au public !<\/p>\n[\/vc_column_text][\/vc_column][vc_column column_padding=\u00a0\u00bbno-extra-padding\u00a0\u00bb column_padding_position=\u00a0\u00bball\u00a0\u00bb background_color_opacity=\u00a0\u00bb1&Prime; background_hover_color_opacity=\u00a0\u00bb1&Prime; column_link_target=\u00a0\u00bb_self\u00a0\u00bb column_shadow=\u00a0\u00bbnone\u00a0\u00bb column_border_radius=\u00a0\u00bbnone\u00a0\u00bb width=\u00a0\u00bb1\/6&Prime; tablet_width_inherit=\u00a0\u00bbdefault\u00a0\u00bb tablet_text_alignment=\u00a0\u00bbdefault\u00a0\u00bb phone_text_alignment=\u00a0\u00bbdefault\u00a0\u00bb column_border_width=\u00a0\u00bbnone\u00a0\u00bb column_border_style=\u00a0\u00bbsolid\u00a0\u00bb bg_image_animation=\u00a0\u00bbnone\u00a0\u00bb][\/vc_column][\/vc_row][vc_row type=\u00a0\u00bbfull_width_background\u00a0\u00bb full_screen_row_position=\u00a0\u00bbmiddle\u00a0\u00bb bg_color=\u00a0\u00bb#ffffff\u00a0\u00bb scene_position=\u00a0\u00bbcenter\u00a0\u00bb text_color=\u00a0\u00bbdark\u00a0\u00bb text_align=\u00a0\u00bbleft\u00a0\u00bb top_padding=\u00a0\u00bb3%\u00a0\u00bb bottom_padding=\u00a0\u00bb4%\u00a0\u00bb overlay_strength=\u00a0\u00bb0.3&Prime; shape_divider_position=\u00a0\u00bbbottom\u00a0\u00bb bg_image_animation=\u00a0\u00bbnone\u00a0\u00bb shape_type=\u00a0\u00bb\u00a0\u00bb][vc_column column_padding=\u00a0\u00bbno-extra-padding\u00a0\u00bb column_padding_position=\u00a0\u00bball\u00a0\u00bb background_color_opacity=\u00a0\u00bb1&Prime; background_hover_color_opacity=\u00a0\u00bb1&Prime; column_link_target=\u00a0\u00bb_self\u00a0\u00bb column_shadow=\u00a0\u00bbnone\u00a0\u00bb column_border_radius=\u00a0\u00bbnone\u00a0\u00bb width=\u00a0\u00bb5\/6&Prime; tablet_width_inherit=\u00a0\u00bbdefault\u00a0\u00bb tablet_text_alignment=\u00a0\u00bbdefault\u00a0\u00bb phone_text_alignment=\u00a0\u00bbdefault\u00a0\u00bb column_border_width=\u00a0\u00bbnone\u00a0\u00bb column_border_style=\u00a0\u00bbsolid\u00a0\u00bb bg_image_animation=\u00a0\u00bbnone\u00a0\u00bb][vc_column_text css=\u00a0\u00bb.vc_custom_1551103143412{margin-top: -8px !important;margin-bottom: -8px !important;}\u00a0\u00bb]\n<h3 style=\"margin-bottom: 25px; text-transform: none;\">Pl\u00e9ni\u00e8re I \u2013 Table ronde : Comment repenser l&rsquo;int\u00e9gration de la victime dans les syst\u00e8mes judiciaires ?<\/h3>\n<p style=\"text-align: justify; text-decoration: underline; font-weight: bold;\">&#8211; Les audiences pour violences sexuelles et violences conjugales : une \u00e9volution \u00e0 envisager ?<\/p>\n<p style=\"text-align: justify;\">Cette pr\u00e9sentation portera sur le fonctionnement des tribunaux sp\u00e9cialis\u00e9s et sur les avantages et inconv\u00e9nients de la gestion de ces infractions qui n\u00e9cessitent un traitement particulier.<br \/>\nPlusieurs magistrats confronteront leurs propres syst\u00e8mes afin d&rsquo;expliquer ce qui a fonctionn\u00e9 ou non, quelles en sont les raisons et s&rsquo;il existe des conditions pr\u00e9alables pour que ce type d&rsquo;exp\u00e9rience soit applicable dans toute l&rsquo;Europe.<\/p>\n<p style=\"text-align: justify; text-decoration: underline; font-weight: bold;\">&#8211; Comment am\u00e9liorer la coop\u00e9ration judiciaire pour permettre aux victimes d\u2019assister \u00e0 une audience \u00e0 l\u2019\u00e9tranger ?<\/p>\n<p style=\"text-align: justify;\">Malgr\u00e9 les diff\u00e9rences processuelles, malgr\u00e9 la distance, une coop\u00e9ration internationale est possible afin de permettre aux victimes d&rsquo;assister \u00e0 un proc\u00e8s \u00e0 l&rsquo;\u00e9tranger. A l&rsquo;occasion du proc\u00e8s du Bardo suite \u00e0 l&rsquo;attaque terroriste du mus\u00e9e du Bardo en Tunisie, et pour la premi\u00e8re fois, les victimes ont pu voir leurs frais de d\u00e9placement pris en charge afin de pouvoir \u00eatre pr\u00e9sentes lors du proc\u00e8s en Tunisie.<br \/>\nLes victimes dans l&rsquo;incapacit\u00e9 de se d\u00e9placer en Tunisie ont \u00e9galement eu la possibilit\u00e9 d&rsquo;aller \u00e0 Paris pour suivre la retransmission vid\u00e9o du proc\u00e8s.<br \/>\nCette pr\u00e9sentation expliquera \u00e9galement la mani\u00e8re dont la participation des services nationaux d&rsquo;aide aux victimes a permis la prise en consid\u00e9ration des dimensions psychologique et indemnitaire des victimes.<\/p>\n<p style=\"text-align: justify; text-decoration: underline; font-weight: bold;\">&#8211; R\u00e9duire la victimisation secondaire pendant le proc\u00e8s :<\/p>\n<p style=\"text-align: justify;\">Cette pr\u00e9sentation portera sp\u00e9cifiquement sur une exp\u00e9rience visant \u00e0 avoir recours \u00e0 la m\u00e9diation animale pour r\u00e9duire la victimisation secondaire des victimes pendant le proc\u00e8s : en effet, afin d&rsquo;\u00e9viter ce risque, des dispositifs innovants ont \u00e9t\u00e9 pens\u00e9s et mis en \u0153uvre directement au sein de certains tribunaux. Tel est le cas de l&rsquo;accompagnement des victimes par des chiens, lesquels sont sp\u00e9cialement entra\u00een\u00e9s et capables de travailler avec les victimes dans les proc\u00e9dures p\u00e9nales et devant les tribunaux dans le cadre d\u2019une audience.<\/p>\n[\/vc_column_text][\/vc_column][vc_column column_padding=\u00a0\u00bbno-extra-padding\u00a0\u00bb column_padding_position=\u00a0\u00bball\u00a0\u00bb background_color_opacity=\u00a0\u00bb1&Prime; background_hover_color_opacity=\u00a0\u00bb1&Prime; column_link_target=\u00a0\u00bb_self\u00a0\u00bb column_shadow=\u00a0\u00bbnone\u00a0\u00bb column_border_radius=\u00a0\u00bbnone\u00a0\u00bb width=\u00a0\u00bb1\/6&Prime; tablet_width_inherit=\u00a0\u00bbdefault\u00a0\u00bb tablet_text_alignment=\u00a0\u00bbdefault\u00a0\u00bb phone_text_alignment=\u00a0\u00bbdefault\u00a0\u00bb column_border_width=\u00a0\u00bbnone\u00a0\u00bb column_border_style=\u00a0\u00bbsolid\u00a0\u00bb bg_image_animation=\u00a0\u00bbnone\u00a0\u00bb][\/vc_column][\/vc_row][vc_row type=\u00a0\u00bbfull_width_background\u00a0\u00bb full_screen_row_position=\u00a0\u00bbmiddle\u00a0\u00bb bg_color=\u00a0\u00bb#ffffff\u00a0\u00bb scene_position=\u00a0\u00bbcenter\u00a0\u00bb text_color=\u00a0\u00bbdark\u00a0\u00bb text_align=\u00a0\u00bbleft\u00a0\u00bb top_padding=\u00a0\u00bb3%\u00a0\u00bb bottom_padding=\u00a0\u00bb4%\u00a0\u00bb overlay_strength=\u00a0\u00bb0.3&Prime; shape_divider_position=\u00a0\u00bbbottom\u00a0\u00bb bg_image_animation=\u00a0\u00bbnone\u00a0\u00bb shape_type=\u00a0\u00bb\u00a0\u00bb][vc_column column_padding=\u00a0\u00bbno-extra-padding\u00a0\u00bb column_padding_position=\u00a0\u00bball\u00a0\u00bb background_color_opacity=\u00a0\u00bb1&Prime; background_hover_color_opacity=\u00a0\u00bb1&Prime; column_link_target=\u00a0\u00bb_self\u00a0\u00bb column_shadow=\u00a0\u00bbnone\u00a0\u00bb column_border_radius=\u00a0\u00bbnone\u00a0\u00bb width=\u00a0\u00bb5\/6&Prime; tablet_width_inherit=\u00a0\u00bbdefault\u00a0\u00bb tablet_text_alignment=\u00a0\u00bbdefault\u00a0\u00bb phone_text_alignment=\u00a0\u00bbdefault\u00a0\u00bb column_border_width=\u00a0\u00bbnone\u00a0\u00bb column_border_style=\u00a0\u00bbsolid\u00a0\u00bb bg_image_animation=\u00a0\u00bbnone\u00a0\u00bb][vc_column_text css=\u00a0\u00bb.vc_custom_1551103300190{margin-top: -8px !important;margin-bottom: -8px !important;}\u00a0\u00bb]\n<h3 style=\"margin-bottom: 25px; text-transform: none;\">Pl\u00e9ni\u00e8re II : Quelles sont les diff\u00e9rentes voies pour venir en aide aux victimes ?<\/h3>\n<p style=\"text-align: justify; text-decoration: underline; font-weight: bold;\">&#8211; Qu&rsquo;entend-on par syst\u00e8me national d&rsquo;aide aux victimes ?<\/p>\n<p style=\"text-align: justify;\">Avoir un syst\u00e8me d&rsquo;aide aux victimes national, quelle que soit l&rsquo;entit\u00e9 porteuse, permet une \u00e9galit\u00e9 de prise en charge sur tout le territoire. Il peut s&rsquo;agir d&rsquo;un syst\u00e8me gouvernemental, associatif, port\u00e9 par des b\u00e9n\u00e9voles ou des professionnels.<br \/>\nDans toute l&rsquo;Europe et au-del\u00e0, \u00e0 quoi devrait ressembler un syst\u00e8me national d&rsquo;aide aux victimes : quels services devrait-il englober, qui devrait \u00eatre \u00e0 la t\u00eate de ce syst\u00e8me, et comment le rendre accessible \u00e0 tous. Cette pl\u00e9ni\u00e8re pr\u00e9sentera un cadre global qui pourrait \u00eatre utilis\u00e9 dans n&rsquo;importe quel pays.<\/p>\n<p style=\"text-align: justify; text-decoration: underline; font-weight: bold;\">&#8211; Secouristes : int\u00e9grer la dimension de soutien aux victimes dans ces professions :<\/p>\n<p style=\"text-align: justify;\">Les professionnels du secours aux personnes incluent de plus en plus le soutien aux victimes dans leur travail, allant plus loin que l&rsquo;assistance imm\u00e9diate aux victimes. Ils ont la capacit\u00e9 de r\u00e9orienter les victimes d&rsquo;actes criminels vers des structures d&rsquo;aide aux victimes et ont la capacit\u00e9 et le souhait de se pr\u00e9occuper de l&rsquo;apr\u00e8s.<br \/>\nDurant cette intervention, les pompiers parleront de leur exp\u00e9rience : la fa\u00e7on dont ils aident les victimes et les orientent.<\/p>\n<p style=\"text-align: justify; text-decoration: underline; font-weight: bold;\">&#8211; L&rsquo;aide \u00e0 distance : illustration par les plateformes t\u00e9l\u00e9phoniques d&rsquo;aide aux victimes :<\/p>\n<p style=\"text-align: justify;\">Les lignes t\u00e9l\u00e9phoniques d&rsquo;aide sont souvent le premier contact pour les victimes lorsqu&rsquo;elles demandent de l&rsquo;aide et leur premier acc\u00e8s vers le minist\u00e8re de la Justice.<br \/>\nL&rsquo;Union europ\u00e9enne a depuis longtemps \u00e9tabli que le 116006 devait \u00eatre le num\u00e9ro unique en Europe pour aider les victimes d&rsquo;infractions p\u00e9nales. Pourtant, peu d&rsquo;\u00c9tats encore l&rsquo;ont mis en \u0153uvre. Pourquoi est-ce le cas ? Quels sont les co\u00fbts induits par l&rsquo;absence de lignes d&rsquo;\u00e9coute et d&rsquo;aide ? Quels sont les crit\u00e8res d&rsquo;une bonne plateforme t\u00e9l\u00e9phonique ? Comment pouvons-nous favoriser l&rsquo;installation de plateformes t\u00e9l\u00e9phoniques nationales d&rsquo;aide aux victimes en Europe et ailleurs ?[\/vc_column_text][\/vc_column][vc_column column_padding=\u00a0\u00bbno-extra-padding\u00a0\u00bb column_padding_position=\u00a0\u00bball\u00a0\u00bb background_color_opacity=\u00a0\u00bb1&Prime; background_hover_color_opacity=\u00a0\u00bb1&Prime; column_link_target=\u00a0\u00bb_self\u00a0\u00bb column_shadow=\u00a0\u00bbnone\u00a0\u00bb column_border_radius=\u00a0\u00bbnone\u00a0\u00bb width=\u00a0\u00bb1\/6&Prime; tablet_width_inherit=\u00a0\u00bbdefault\u00a0\u00bb tablet_text_alignment=\u00a0\u00bbdefault\u00a0\u00bb phone_text_alignment=\u00a0\u00bbdefault\u00a0\u00bb column_border_width=\u00a0\u00bbnone\u00a0\u00bb column_border_style=\u00a0\u00bbsolid\u00a0\u00bb bg_image_animation=\u00a0\u00bbnone\u00a0\u00bb][\/vc_column][\/vc_row][vc_row type=\u00a0\u00bbfull_width_background\u00a0\u00bb full_screen_row_position=\u00a0\u00bbmiddle\u00a0\u00bb bg_color=\u00a0\u00bb#ffffff\u00a0\u00bb scene_position=\u00a0\u00bbcenter\u00a0\u00bb text_color=\u00a0\u00bbdark\u00a0\u00bb text_align=\u00a0\u00bbleft\u00a0\u00bb top_padding=\u00a0\u00bb3%\u00a0\u00bb bottom_padding=\u00a0\u00bb4%\u00a0\u00bb overlay_strength=\u00a0\u00bb0.3&Prime; shape_divider_position=\u00a0\u00bbbottom\u00a0\u00bb bg_image_animation=\u00a0\u00bbnone\u00a0\u00bb shape_type=\u00a0\u00bb\u00a0\u00bb][vc_column column_padding=\u00a0\u00bbno-extra-padding\u00a0\u00bb column_padding_position=\u00a0\u00bball\u00a0\u00bb background_color_opacity=\u00a0\u00bb1&Prime; background_hover_color_opacity=\u00a0\u00bb1&Prime; column_link_target=\u00a0\u00bb_self\u00a0\u00bb column_shadow=\u00a0\u00bbnone\u00a0\u00bb column_border_radius=\u00a0\u00bbnone\u00a0\u00bb width=\u00a0\u00bb5\/6&Prime; tablet_width_inherit=\u00a0\u00bbdefault\u00a0\u00bb tablet_text_alignment=\u00a0\u00bbdefault\u00a0\u00bb phone_text_alignment=\u00a0\u00bbdefault\u00a0\u00bb column_border_width=\u00a0\u00bbnone\u00a0\u00bb column_border_style=\u00a0\u00bbsolid\u00a0\u00bb bg_image_animation=\u00a0\u00bbnone\u00a0\u00bb][vc_column_text css=\u00a0\u00bb.vc_custom_1551434613122{margin-top: -8px !important;margin-bottom: -8px !important;}\u00a0\u00bb]\n<h3 style=\"margin-bottom: 25px; text-transform: none;\">Pl\u00e9ni\u00e8re III : Quels chemins vers la reconstruction ?<\/h3>\n<p style=\"text-align: justify; text-decoration: underline; font-weight: bold;\">&#8211; Quel soutien psychologique pour quelle victime : \u00e9valuer les besoins pour proposer un accompagnement sp\u00e9cifique ?<\/p>\n<p style=\"text-align: justify;\">Il est fondamental que diff\u00e9rentes formes de prise en charge psychologique soient \u00e0 disposition des victimes afin qu&rsquo;elles trouvent un moyen appropri\u00e9 de se r\u00e9tablir apr\u00e8s un trauma. Cette session pr\u00e9sentera l&rsquo;importance d&rsquo;\u00e9valuer correctement les besoins des victimes pour leur proposer l&rsquo;accompagnement qui leur convient et s&rsquo;assurer que les victimes ont acc\u00e8s au soutien psychologique le plus appropri\u00e9 pour elles.<\/p>\n<p style=\"text-align: justify; text-decoration: underline; font-weight: bold;\">&#8211; Comment trouver un psychologue adapt\u00e9 : d\u00e9velopper des r\u00e9seaux d&rsquo;experts ?<\/p>\n<p style=\"text-align: justify;\">Afin de mettre \u00e0 disposition diff\u00e9rentes formes d&rsquo;accompagnement psychologique, il est apparu n\u00e9cessaire de d\u00e9velopper des r\u00e9seaux d&rsquo;experts qui permettraient aux victimes de trouver le professionnel qui leur conviendrait.<br \/>\nSuite aux attaques terroristes, l&rsquo;un des probl\u00e8mes qui a \u00e9merg\u00e9 a \u00e9t\u00e9 la difficult\u00e9 pour les victimes de trouver un psychologue qui leur convenait. Comme pour les avocats, s&rsquo;est d\u00e9gag\u00e9 le besoin d&rsquo;\u00e9tablir une liste de professionnels vers laquelle les services d&rsquo;aide aux victimes pourraient rediriger les victimes, afin qu&rsquo;elles puissent trouver le psychologue ainsi que la forme d&rsquo;accompagnement qui leur conviennent.<\/p>\n<p style=\"text-align: justify; text-decoration: underline; font-weight: bold;\">&#8211; Renforcer la reconstruction des victimes via la justice restaurative : mettre l&rsquo;accent sur un soutien compl\u00e9mentaire :<\/p>\n<p style=\"text-align: justify;\">La justice restaurative peut rev\u00eatir plusieurs formes et intervenir en dehors de tout processus judiciaire : elle est ainsi un autre moyen de soutenir et aider les victimes, en compl\u00e9ment du soutien psychologique et de l&rsquo;indemnisation financi\u00e8re.<\/p>\n<p style=\"text-align: justify; text-decoration: underline; font-weight: bold;\">&#8211; Faire \u00e9voluer les syst\u00e8mes d&rsquo;indemnisation des victimes :<\/p>\n<p style=\"text-align: justify;\">Le but de l&rsquo;indemnisation financi\u00e8re est d&rsquo;aider les victimes \u00e0 revenir au plus pr\u00e8s de leur situation ant\u00e9rieure, avant qu&rsquo;elles ne deviennent victimes. Cependant, est-il possible pour la victime d&rsquo;obtenir v\u00e9ritablement une r\u00e9paration int\u00e9grale ? Existe-t-il un syst\u00e8me d&rsquo;indemnisation optimal ? Nos syst\u00e8mes d&rsquo;indemnisation engendrent-ils plus de mal que de bien aux victimes ?<br \/>\nCette pr\u00e9sentation \u00e9voquera comment les conditions d&rsquo;indemnisation peuvent \u00eatre modifi\u00e9es, quels pr\u00e9judices doivent \u00eatre indemnis\u00e9s et les raisons pour lesquelles il est important pour les victimes de b\u00e9n\u00e9ficier d&rsquo;un droit \u00e0 indemnisation.[\/vc_column_text][\/vc_column][vc_column column_padding=\u00a0\u00bbno-extra-padding\u00a0\u00bb column_padding_position=\u00a0\u00bball\u00a0\u00bb background_color_opacity=\u00a0\u00bb1&Prime; background_hover_color_opacity=\u00a0\u00bb1&Prime; column_link_target=\u00a0\u00bb_self\u00a0\u00bb column_shadow=\u00a0\u00bbnone\u00a0\u00bb column_border_radius=\u00a0\u00bbnone\u00a0\u00bb width=\u00a0\u00bb1\/6&Prime; tablet_width_inherit=\u00a0\u00bbdefault\u00a0\u00bb tablet_text_alignment=\u00a0\u00bbdefault\u00a0\u00bb phone_text_alignment=\u00a0\u00bbdefault\u00a0\u00bb column_border_width=\u00a0\u00bbnone\u00a0\u00bb column_border_style=\u00a0\u00bbsolid\u00a0\u00bb bg_image_animation=\u00a0\u00bbnone\u00a0\u00bb][\/vc_column][\/vc_row][vc_row type=\u00a0\u00bbfull_width_background\u00a0\u00bb full_screen_row_position=\u00a0\u00bbmiddle\u00a0\u00bb bg_color=\u00a0\u00bb#ffffff\u00a0\u00bb scene_position=\u00a0\u00bbcenter\u00a0\u00bb text_color=\u00a0\u00bbdark\u00a0\u00bb text_align=\u00a0\u00bbleft\u00a0\u00bb top_padding=\u00a0\u00bb3%\u00a0\u00bb bottom_padding=\u00a0\u00bb4%\u00a0\u00bb overlay_strength=\u00a0\u00bb0.3&Prime; shape_divider_position=\u00a0\u00bbbottom\u00a0\u00bb bg_image_animation=\u00a0\u00bbnone\u00a0\u00bb shape_type=\u00a0\u00bb\u00a0\u00bb][vc_column column_padding=\u00a0\u00bbno-extra-padding\u00a0\u00bb column_padding_position=\u00a0\u00bball\u00a0\u00bb background_color_opacity=\u00a0\u00bb1&Prime; background_hover_color_opacity=\u00a0\u00bb1&Prime; column_link_target=\u00a0\u00bb_self\u00a0\u00bb column_shadow=\u00a0\u00bbnone\u00a0\u00bb column_border_radius=\u00a0\u00bbnone\u00a0\u00bb width=\u00a0\u00bb5\/6&Prime; tablet_width_inherit=\u00a0\u00bbdefault\u00a0\u00bb tablet_text_alignment=\u00a0\u00bbdefault\u00a0\u00bb phone_text_alignment=\u00a0\u00bbdefault\u00a0\u00bb column_border_width=\u00a0\u00bbnone\u00a0\u00bb column_border_style=\u00a0\u00bbsolid\u00a0\u00bb bg_image_animation=\u00a0\u00bbnone\u00a0\u00bb][vc_column_text css=\u00a0\u00bb.vc_custom_1551367695625{margin-top: -8px !important;margin-bottom: -8px !important;}\u00a0\u00bb]\n<h3 style=\"margin-bottom: 25px; text-transform: none;\">Pl\u00e9ni\u00e8re IV \u2013 Pl\u00e9ni\u00e8re interactive : Atteindre une aide aux victimes de qualit\u00e9<\/h3>\n<p style=\"text-align: justify;\">Cette session pl\u00e9ni\u00e8re est con\u00e7ue de fa\u00e7on \u00e0 favoriser les \u00e9changes et interactions entre les participants de la Conf\u00e9rence.<\/p>\n<p style=\"text-align: justify;\">Elle sera ax\u00e9e sur la fa\u00e7on d&rsquo;obtenir des services de qualit\u00e9 en d\u00e9terminant les crit\u00e8res de qualit\u00e9.<br \/>\nDe courtes pr\u00e9sentations aborderont les normes d\u00e9finies par les services d&rsquo;aide aux victimes et la formation des professionnels. Par exemple, le Gouvernement fran\u00e7ais a d\u00e9velopp\u00e9 un cadre minimum \u00e0 suivre et \u00e0 respecter par les associations professionnelles d&rsquo;aide aux victimes, mais que peut-on consid\u00e9rer comme un standard appropri\u00e9 et pertinent ?<\/p>\n<p style=\"text-align: justify;\">Les pr\u00e9sentations de cette session pl\u00e9ni\u00e8re aborderont la place des victimes au sein de l&rsquo;aide aux victimes ainsi que la pair-aidance : comment inclure les victimes au sein de nos dispositifs de soutien ? Comment d&rsquo;anciennes victimes peuvent-elles aider de nouvelles victimes ?<\/p>\n[\/vc_column_text][\/vc_column][vc_column column_padding=\u00a0\u00bbno-extra-padding\u00a0\u00bb column_padding_position=\u00a0\u00bball\u00a0\u00bb background_color_opacity=\u00a0\u00bb1&Prime; background_hover_color_opacity=\u00a0\u00bb1&Prime; column_link_target=\u00a0\u00bb_self\u00a0\u00bb column_shadow=\u00a0\u00bbnone\u00a0\u00bb column_border_radius=\u00a0\u00bbnone\u00a0\u00bb width=\u00a0\u00bb1\/6&Prime; tablet_width_inherit=\u00a0\u00bbdefault\u00a0\u00bb tablet_text_alignment=\u00a0\u00bbdefault\u00a0\u00bb phone_text_alignment=\u00a0\u00bbdefault\u00a0\u00bb column_border_width=\u00a0\u00bbnone\u00a0\u00bb column_border_style=\u00a0\u00bbsolid\u00a0\u00bb bg_image_animation=\u00a0\u00bbnone\u00a0\u00bb][\/vc_column][\/vc_row]\n","protected":false},"excerpt":{"rendered":"<p>[vc_row type=\u00a0\u00bbfull_width_background\u00a0\u00bb full_screen_row_position=\u00a0\u00bbmiddle\u00a0\u00bb bg_color=\u00a0\u00bb#412b85&Prime; scene_position=\u00a0\u00bbcenter\u00a0\u00bb text_color=\u00a0\u00bblight\u00a0\u00bb text_align=\u00a0\u00bbleft\u00a0\u00bb top_padding=\u00a0\u00bb3%\u00a0\u00bb bottom_padding=\u00a0\u00bb3%\u00a0\u00bb overlay_strength=\u00a0\u00bb0.5&Prime; shape_divider_position=\u00a0\u00bbbottom\u00a0\u00bb bg_image_animation=\u00a0\u00bbnone\u00a0\u00bb video_mute=\u00a0\u00bbtrue\u00a0\u00bb shape_type=\u00a0\u00bb\u00a0\u00bb][vc_column column_padding=\u00a0\u00bbno-extra-padding\u00a0\u00bb&#8230;<\/p>\n","protected":false},"author":1,"featured_media":0,"parent":0,"menu_order":3,"comment_status":"closed","ping_status":"closed","template":"","meta":{"_mi_skip_tracking":false,"_exactmetrics_sitenote_active":false,"_exactmetrics_sitenote_note":"","_exactmetrics_sitenote_category":0},"_links":{"self":[{"href":"https:\/\/2019.vse-conference.eu\/fr\/wp-json\/wp\/v2\/pages\/6595"}],"collection":[{"href":"https:\/\/2019.vse-conference.eu\/fr\/wp-json\/wp\/v2\/pages"}],"about":[{"href":"https:\/\/2019.vse-conference.eu\/fr\/wp-json\/wp\/v2\/types\/page"}],"author":[{"embeddable":true,"href":"https:\/\/2019.vse-conference.eu\/fr\/wp-json\/wp\/v2\/users\/1"}],"replies":[{"embeddable":true,"href":"https:\/\/2019.vse-conference.eu\/fr\/wp-json\/wp\/v2\/comments?post=6595"}],"version-history":[{"count":8,"href":"https:\/\/2019.vse-conference.eu\/fr\/wp-json\/wp\/v2\/pages\/6595\/revisions"}],"predecessor-version":[{"id":6893,"href":"https:\/\/2019.vse-conference.eu\/fr\/wp-json\/wp\/v2\/pages\/6595\/revisions\/6893"}],"wp:attachment":[{"href":"https:\/\/2019.vse-conference.eu\/fr\/wp-json\/wp\/v2\/media?parent=6595"}],"curies":[{"name":"wp","href":"https:\/\/api.w.org\/{rel}","templated":true}]}}