{"id":6606,"date":"2019-02-25T14:27:29","date_gmt":"2019-02-25T14:27:29","guid":{"rendered":"http:\/\/2019.vse-conference.eu\/?page_id=6606"},"modified":"2019-03-26T17:27:34","modified_gmt":"2019-03-26T17:27:34","slug":"appel-a-communication","status":"publish","type":"page","link":"https:\/\/2019.vse-conference.eu\/fr\/appel-a-communication\/","title":{"rendered":"Appel \u00e0 communication"},"content":{"rendered":"[vc_row type=\u00a0\u00bbfull_width_background\u00a0\u00bb full_screen_row_position=\u00a0\u00bbmiddle\u00a0\u00bb bg_color=\u00a0\u00bb#412b85&Prime; scene_position=\u00a0\u00bbcenter\u00a0\u00bb text_color=\u00a0\u00bblight\u00a0\u00bb text_align=\u00a0\u00bbleft\u00a0\u00bb top_padding=\u00a0\u00bb3%\u00a0\u00bb bottom_padding=\u00a0\u00bb3%\u00a0\u00bb overlay_strength=\u00a0\u00bb0.5&Prime; shape_divider_position=\u00a0\u00bbbottom\u00a0\u00bb bg_image_animation=\u00a0\u00bbnone\u00a0\u00bb video_mute=\u00a0\u00bbtrue\u00a0\u00bb shape_type=\u00a0\u00bb\u00a0\u00bb][vc_column column_padding=\u00a0\u00bbno-extra-padding\u00a0\u00bb column_padding_position=\u00a0\u00bball\u00a0\u00bb background_color_opacity=\u00a0\u00bb1&Prime; background_hover_color_opacity=\u00a0\u00bb1&Prime; column_link_target=\u00a0\u00bb_self\u00a0\u00bb column_shadow=\u00a0\u00bbnone\u00a0\u00bb column_border_radius=\u00a0\u00bbnone\u00a0\u00bb width=\u00a0\u00bb1\/2&Prime; tablet_width_inherit=\u00a0\u00bbdefault\u00a0\u00bb tablet_text_alignment=\u00a0\u00bbdefault\u00a0\u00bb phone_text_alignment=\u00a0\u00bbdefault\u00a0\u00bb column_border_width=\u00a0\u00bbnone\u00a0\u00bb column_border_style=\u00a0\u00bbsolid\u00a0\u00bb bg_image_animation=\u00a0\u00bbnone\u00a0\u00bb][split_line_heading]\n<h2 style=\"text-transform: uppercase; font-size: 28px; line-height: 30px;\">Appel \u00e0 communication<\/h2>\n[\/split_line_heading][\/vc_column][vc_column column_padding=\u00a0\u00bbno-extra-padding\u00a0\u00bb column_padding_position=\u00a0\u00bball\u00a0\u00bb background_color_opacity=\u00a0\u00bb1&Prime; background_hover_color_opacity=\u00a0\u00bb1&Prime; column_link_target=\u00a0\u00bb_self\u00a0\u00bb column_shadow=\u00a0\u00bbnone\u00a0\u00bb column_border_radius=\u00a0\u00bbnone\u00a0\u00bb width=\u00a0\u00bb1\/2&Prime; tablet_width_inherit=\u00a0\u00bbdefault\u00a0\u00bb tablet_text_alignment=\u00a0\u00bbdefault\u00a0\u00bb phone_text_alignment=\u00a0\u00bbdefault\u00a0\u00bb column_border_width=\u00a0\u00bbnone\u00a0\u00bb column_border_style=\u00a0\u00bbsolid\u00a0\u00bb bg_image_animation=\u00a0\u00bbnone\u00a0\u00bb][\/vc_column][\/vc_row][vc_row type=\u00a0\u00bbfull_width_background\u00a0\u00bb full_screen_row_position=\u00a0\u00bbmiddle\u00a0\u00bb bg_color=\u00a0\u00bb#ffffff\u00a0\u00bb scene_position=\u00a0\u00bbcenter\u00a0\u00bb text_color=\u00a0\u00bbdark\u00a0\u00bb text_align=\u00a0\u00bbleft\u00a0\u00bb top_padding=\u00a0\u00bb3%\u00a0\u00bb bottom_padding=\u00a0\u00bb4%\u00a0\u00bb overlay_strength=\u00a0\u00bb0.3&Prime; shape_divider_position=\u00a0\u00bbbottom\u00a0\u00bb bg_image_animation=\u00a0\u00bbnone\u00a0\u00bb shape_type=\u00a0\u00bb\u00a0\u00bb][vc_column column_padding=\u00a0\u00bbno-extra-padding\u00a0\u00bb column_padding_position=\u00a0\u00bball\u00a0\u00bb background_color_opacity=\u00a0\u00bb1&Prime; background_hover_color_opacity=\u00a0\u00bb1&Prime; column_link_target=\u00a0\u00bb_self\u00a0\u00bb column_shadow=\u00a0\u00bbnone\u00a0\u00bb column_border_radius=\u00a0\u00bbnone\u00a0\u00bb width=\u00a0\u00bb5\/6&Prime; tablet_width_inherit=\u00a0\u00bbdefault\u00a0\u00bb tablet_text_alignment=\u00a0\u00bbdefault\u00a0\u00bb phone_text_alignment=\u00a0\u00bbdefault\u00a0\u00bb column_border_width=\u00a0\u00bbnone\u00a0\u00bb column_border_style=\u00a0\u00bbsolid\u00a0\u00bb bg_image_animation=\u00a0\u00bbnone\u00a0\u00bb][vc_column_text css=\u00a0\u00bb.vc_custom_1551713310351{margin-top: -8px !important;margin-bottom: -8px !important;}\u00a0\u00bb]\n<p style=\"text-align: justify;\">La Conf\u00e9rence \u201cVictimes : un parcours \u00e0 plusieurs voies pour se reconstruire\u201d est l&rsquo;opportunit\u00e9 de pr\u00e9senter diff\u00e9rents parcours que les victimes peuvent emprunter afin de se reconstruire et parvenir \u00e0 la r\u00e9silience.<br \/>\nDes moyens innovants ont \u00e9t\u00e9 d\u00e9velopp\u00e9s pour que les victimes obtiennent justice et diff\u00e9rentes voies peuvent \u00eatre suivies afin que les victimes soient soutenues et se reconstruisent.<br \/>\nCet \u00e9v\u00e9nement est l&rsquo;occasion parfaite d\u2019\u00e9changer sur les bonnes pratiques et exp\u00e9riences de chacun, li\u00e9es aux nombreuses formes de soutien que les victimes peuvent obtenir et la fa\u00e7on dont ce soutien est propos\u00e9 aux victimes.[\/vc_column_text][\/vc_column][vc_column column_padding=\u00a0\u00bbno-extra-padding\u00a0\u00bb column_padding_position=\u00a0\u00bball\u00a0\u00bb background_color_opacity=\u00a0\u00bb1&Prime; background_hover_color_opacity=\u00a0\u00bb1&Prime; column_link_target=\u00a0\u00bb_self\u00a0\u00bb column_shadow=\u00a0\u00bbnone\u00a0\u00bb column_border_radius=\u00a0\u00bbnone\u00a0\u00bb width=\u00a0\u00bb1\/6&Prime; tablet_width_inherit=\u00a0\u00bbdefault\u00a0\u00bb tablet_text_alignment=\u00a0\u00bbdefault\u00a0\u00bb phone_text_alignment=\u00a0\u00bbdefault\u00a0\u00bb column_border_width=\u00a0\u00bbnone\u00a0\u00bb column_border_style=\u00a0\u00bbsolid\u00a0\u00bb bg_image_animation=\u00a0\u00bbnone\u00a0\u00bb][\/vc_column][\/vc_row][vc_row type=\u00a0\u00bbfull_width_background\u00a0\u00bb full_screen_row_position=\u00a0\u00bbmiddle\u00a0\u00bb bg_color=\u00a0\u00bb#ffffff\u00a0\u00bb scene_position=\u00a0\u00bbcenter\u00a0\u00bb text_color=\u00a0\u00bbdark\u00a0\u00bb text_align=\u00a0\u00bbleft\u00a0\u00bb top_padding=\u00a0\u00bb3%\u00a0\u00bb bottom_padding=\u00a0\u00bb4%\u00a0\u00bb overlay_strength=\u00a0\u00bb0.3&Prime; shape_divider_position=\u00a0\u00bbbottom\u00a0\u00bb bg_image_animation=\u00a0\u00bbnone\u00a0\u00bb shape_type=\u00a0\u00bb\u00a0\u00bb][vc_column column_padding=\u00a0\u00bbno-extra-padding\u00a0\u00bb column_padding_position=\u00a0\u00bball\u00a0\u00bb background_color_opacity=\u00a0\u00bb1&Prime; background_hover_color_opacity=\u00a0\u00bb1&Prime; column_link_target=\u00a0\u00bb_self\u00a0\u00bb column_shadow=\u00a0\u00bbnone\u00a0\u00bb column_border_radius=\u00a0\u00bbnone\u00a0\u00bb width=\u00a0\u00bb5\/6&Prime; tablet_width_inherit=\u00a0\u00bbdefault\u00a0\u00bb tablet_text_alignment=\u00a0\u00bbdefault\u00a0\u00bb phone_text_alignment=\u00a0\u00bbdefault\u00a0\u00bb column_border_width=\u00a0\u00bbnone\u00a0\u00bb column_border_style=\u00a0\u00bbsolid\u00a0\u00bb bg_image_animation=\u00a0\u00bbnone\u00a0\u00bb][vc_column_text css=\u00a0\u00bb.vc_custom_1551104997654{margin-top: -8px !important;margin-bottom: -8px !important;}\u00a0\u00bb]\n<h3 style=\"margin-bottom: 25px; text-transform: none;\">Priorit\u00e9 aux ateliers<\/h3>\n<p style=\"text-align: justify;\">Dans cette optique, la Conf\u00e9rence Annuelle explorera les fa\u00e7ons de d\u00e9velopper nos syst\u00e8mes judiciaires afin qu&rsquo;ils soient ax\u00e9s sur les victimes, ainsi que l&rsquo;efficacit\u00e9 des services d&rsquo;aide aux victimes.<br \/>\nLes ateliers porteront sur toutes les victimes d&rsquo;infractions mais \u00e9galement plus sp\u00e9cifiquement sur la remise en cause de notre conception de la vuln\u00e9rabilit\u00e9 des victimes, les victimes de crimes de haine, de terrorisme, de cyberd\u00e9linquance, de violences sexuelles ou encore les victimes d&rsquo;\u00e9v\u00e9nements collectifs et leur prise en charge dans l&rsquo;urgence.<\/p>\n<p style=\"text-align: justify;\">Nous invitons les praticiens, chercheurs, experts, avocats, universitaires, organisations d&rsquo;aide aux victimes, la police, les agents de la justice p\u00e9nale et toute autre personne travaillant dans le domaine des droits et services des victimes de soumettre leurs propositions pour la tenue d&rsquo;un atelier.<\/p>\n<p style=\"text-align: justify;\">Vous trouverez les sujets cl\u00e9s \u00e0 aborder prioritairement ci-dessous :<\/p>\n<p style=\"text-align: justify; text-decoration: underline; font-weight: bold;\">D\u00e9velopper notre conception de la vuln\u00e9rabilit\u00e9 des victimes<\/p>\n<p style=\"text-align: justify;\">Au sein de ce th\u00e8me, nous sommes int\u00e9ress\u00e9s par des ateliers remettant en question notre conception de la vuln\u00e9rabilit\u00e9.<br \/>\nComment \u00e9tendre notre notion de la vuln\u00e9rabilit\u00e9 des victimes ? Qu&rsquo;entendons-nous par victime vuln\u00e9rable ? Comment identifions-nous les victimes vuln\u00e9rables et modelons-nous nos syst\u00e8mes afin de soutenir leur identification ? Quelles mesures existent ou seraient n\u00e9cessaires afin de prot\u00e9ger les victimes vuln\u00e9rables ? Existe-t-il des exp\u00e9riences sp\u00e9cifiques et bonnes pratiques \u00e0 mettre en place afin d&rsquo;\u00e9viter que les professionnels en contact avec les victimes ne deviennent eux-m\u00eames victimes (par leur action sur le terrain ou par fatigue de compassion) ?<\/p>\n<p style=\"text-align: justify; text-decoration: underline; font-weight: bold;\">D\u00e9velopper des syst\u00e8mes judiciaires ax\u00e9s sur les victimes<\/p>\n<p style=\"text-align: justify;\">Cet atelier se concentrera sur la fa\u00e7on d&rsquo;organiser les proc\u00e9dures p\u00e9nales afin de correspondre aux besoins des victimes, le syst\u00e8me p\u00e9nal pouvant \u00eatre plus centr\u00e9 sur les auteurs et la soci\u00e9t\u00e9 que sur les victimes.<br \/>\nDe quelle mani\u00e8re le syst\u00e8me p\u00e9nal pourrait-il am\u00e9liorer la fa\u00e7on dont les victimes sont trait\u00e9es, en termes d&rsquo;accueil et de participation au proc\u00e8s ? Comment s&rsquo;assurer que les victimes sont inform\u00e9es tout au long de la proc\u00e9dure ? Quelles mesures peuvent \u00eatre adopt\u00e9es afin de garantir la repr\u00e9sentation des victimes lors du proc\u00e8s ? Comment s&rsquo;assurer que les victimes ont la possibilit\u00e9 de formuler des requ\u00eates lors de la proc\u00e9dure ?<\/p>\n<p style=\"text-align: justify; text-decoration: underline; font-weight: bold;\">D\u00e9velopper des services d&rsquo;aide aux victimes efficaces<\/p>\n<p style=\"text-align: justify;\">Comment les organisations parviennent-elles \u00e0 rendre les services d&rsquo;aide aux victimes efficaces ? Comment s&rsquo;assurer que les services d&rsquo;aide sont disponibles pour les victimes et proposent un acc\u00e8s \u00e9gal \u00e0 ces services \u00e0 travers le territoire ? Comment s&rsquo;assurer que les services d&rsquo;aide aux victimes sont reconnus en tant que tels par les institutions comme l&rsquo;Etat, le syst\u00e8me judiciaire ou les professionnels de la justice ?<br \/>\nNous sommes \u00e9galement int\u00e9ress\u00e9s par la fa\u00e7on dont les organisations cr\u00e9ent de nouvelles approches pour les services d&rsquo;aide aux victimes : quelles mesures les organisations peuvent-elles mettre en place afin d&rsquo;offrir de nouveaux services qui satisferaient les besoins particuliers des victimes ?<\/p>\n<p style=\"text-align: justify; text-decoration: underline; font-weight: bold;\">Infractions sp\u00e9cifiques<\/p>\n<p style=\"text-align: justify;\">Des ateliers concernant les groupes de victimes suivant sont \u00e9galement bienvenus :<\/p>\n<p style=\"text-align: justify; font-weight: bold;\">\u2022 Victimes de crimes de haine<\/p>\n<p style=\"text-align: justify;\">Comment am\u00e9liorer la l\u00e9gislation et le signalement de ces crimes ? Comment aborder le probl\u00e8me li\u00e9 aux besoins sp\u00e9cifiques des victimes de crimes de haine et les besoins des communaut\u00e9s affect\u00e9es par ces crimes ?<br \/>\nQuel type de soutien existe pour les victimes de crimes de haine ?<\/p>\n<p style=\"text-align: justify; font-weight: bold;\">\u2022 Victimes de terrorisme<\/p>\n<p style=\"text-align: justify;\">Comment planifier une intervention en cas d\u2019urgence, une r\u00e9ponse imm\u00e9diatement apr\u00e8s l\u2019attaque et un soutien sur le long terme ? Comment s\u2019assurer que toutes les victimes d\u2019une attaque de grande ampleur sont identifi\u00e9es et qu\u2019un soutien leur est offert ? Comment satisfaire les besoins des victimes de terrorisme \u00e9trang\u00e8res ?<br \/>\nExiste-t-il des sch\u00e9mas sp\u00e9cifiques d\u2019indemnisation pour les victimes de terrorisme ? Comment s\u2019assurer du retour \u00e0 l\u2019emploi des victimes de terrorisme ?<br \/>\nPar ailleurs, quel est le statut des proches des personnes radicalis\u00e9es ?<\/p>\n<p style=\"text-align: justify; font-weight: bold;\">\u2022 Victimes de cyberd\u00e9linquance<\/p>\n<p style=\"text-align: justify;\">Quelles sont les cons\u00e9quences sp\u00e9cifiques sur les victimes de cyberd\u00e9linquance ? Les besoins des victimes de crimes perp\u00e9tr\u00e9s en ligne diff\u00e8rent-ils des autres victimes ? Comment les r\u00e9ponses des autorit\u00e9s, de la justice p\u00e9nale et de l\u2019aide \u00e0 ces victimes peuvent s\u2019ajuster afin de satisfaire ces besoins ?<\/p>\n<p style=\"text-align: justify; font-weight: bold;\">\u2022 Victimes de violences sexuelles<\/p>\n<p style=\"text-align: justify;\">Quelles r\u00e9percussions psychologiques pour les victimes de violences sexuelles ? Nous sommes \u00e9galement int\u00e9ress\u00e9s par la p\u00e9nalisation de nouveaux comportements et les \u00e9volutions l\u00e9gislatives, mais aussi par la pr\u00e9sentation de pratiques inspirantes de soutien ou encore le th\u00e8me des victimes \u00ab invisibles \u00bb de violences sexuelles (hommes, enfants, viol conjugal&#8230;).<\/p>\n<p style=\"text-align: justify; font-weight: bold;\">\u2022 Victimes d&rsquo;\u00e9v\u00e9nements collectifs et prise en charge dans l\u2019urgence<\/p>\n<p style=\"text-align: justify;\">Comment s\u2019assurer d\u2019une r\u00e9ponse imm\u00e9diate suite \u00e0 ces \u00e9v\u00e9nements et d\u2019un soutien sur le long terme ? Faut-il int\u00e9grer les services d\u2019aide aux victimes dans les dispositifs d\u2019urgence ? Nous souhaiterions \u00e9galement avoir des retours concernant le r\u00f4le des services d\u2019aide aux victimes suite \u00e0 une catastrophe naturelle et environnementale, ou d\u2019affaires s\u00e9rielles et sanitaires (erreur m\u00e9dicale, affaires li\u00e9es \u00e0 des m\u00e9dicaments&#8230;).<\/p>\n[\/vc_column_text][\/vc_column][vc_column column_padding=\u00a0\u00bbno-extra-padding\u00a0\u00bb column_padding_position=\u00a0\u00bball\u00a0\u00bb background_color_opacity=\u00a0\u00bb1&Prime; background_hover_color_opacity=\u00a0\u00bb1&Prime; column_link_target=\u00a0\u00bb_self\u00a0\u00bb column_shadow=\u00a0\u00bbnone\u00a0\u00bb column_border_radius=\u00a0\u00bbnone\u00a0\u00bb width=\u00a0\u00bb1\/6&Prime; tablet_width_inherit=\u00a0\u00bbdefault\u00a0\u00bb tablet_text_alignment=\u00a0\u00bbdefault\u00a0\u00bb phone_text_alignment=\u00a0\u00bbdefault\u00a0\u00bb column_border_width=\u00a0\u00bbnone\u00a0\u00bb column_border_style=\u00a0\u00bbsolid\u00a0\u00bb bg_image_animation=\u00a0\u00bbnone\u00a0\u00bb][\/vc_column][\/vc_row][vc_row type=\u00a0\u00bbfull_width_background\u00a0\u00bb full_screen_row_position=\u00a0\u00bbmiddle\u00a0\u00bb bg_color=\u00a0\u00bb#ffffff\u00a0\u00bb scene_position=\u00a0\u00bbcenter\u00a0\u00bb text_color=\u00a0\u00bbdark\u00a0\u00bb text_align=\u00a0\u00bbleft\u00a0\u00bb top_padding=\u00a0\u00bb3%\u00a0\u00bb bottom_padding=\u00a0\u00bb4%\u00a0\u00bb overlay_strength=\u00a0\u00bb0.3&Prime; shape_divider_position=\u00a0\u00bbbottom\u00a0\u00bb bg_image_animation=\u00a0\u00bbnone\u00a0\u00bb shape_type=\u00a0\u00bb\u00a0\u00bb][vc_column column_padding=\u00a0\u00bbno-extra-padding\u00a0\u00bb column_padding_position=\u00a0\u00bball\u00a0\u00bb background_color_opacity=\u00a0\u00bb1&Prime; background_hover_color_opacity=\u00a0\u00bb1&Prime; column_link_target=\u00a0\u00bb_self\u00a0\u00bb column_shadow=\u00a0\u00bbnone\u00a0\u00bb column_border_radius=\u00a0\u00bbnone\u00a0\u00bb width=\u00a0\u00bb5\/6&Prime; tablet_width_inherit=\u00a0\u00bbdefault\u00a0\u00bb tablet_text_alignment=\u00a0\u00bbdefault\u00a0\u00bb phone_text_alignment=\u00a0\u00bbdefault\u00a0\u00bb column_border_width=\u00a0\u00bbnone\u00a0\u00bb column_border_style=\u00a0\u00bbsolid\u00a0\u00bb bg_image_animation=\u00a0\u00bbnone\u00a0\u00bb][vc_column_text css=\u00a0\u00bb.vc_custom_1553621247123{margin-top: -8px !important;margin-bottom: -8px !important;}\u00a0\u00bb]\n<h3 style=\"margin-bottom: 25px; text-transform: none;\">Proc\u00e9dure et dates butoir<\/h3>\n<p style=\"text-align: justify;\">Une session d\u2019atelier dure 1 heure 30 et doit \u00eatre pr\u00e9sent\u00e9e en Anglais.<\/p>\n<p style=\"text-align: justify;\">Il est possible d\u2019inclure un nombre limit\u00e9 d\u2019ateliers en Fran\u00e7ais (une traduction ne sera pas fournie). Merci d\u2019indiquer dans votre candidature les langues que vous pouvez utiliser pour pr\u00e9senter votre intervention (Anglais ou Fran\u00e7ais). Nous essaierons de tenir compte de votre pr\u00e9f\u00e9rence mais ne pouvons le garantir.<\/p>\n<p>\u2022 Un tour de table (d\u00e9bat entre un panel d\u2019experts et les participants),<br \/>\n\u2022 Une session de d\u00e9bats (d\u00e9bat en pl\u00e9ni\u00e8re avec utilisation de cartes de vote par les participants ou autres m\u00e9thodes interactives de vote),<br \/>\n\u2022 Une session de travail (mind mapping),<br \/>\n\u2022 Une courte formation ou sessions d\u2019instruction (introduction de comp\u00e9tences ou outils),<br \/>\n\u2022 Des jeux \u00e9ducatifs ou simulations (jeux de r\u00f4le, quiz, utilisation de cartes),<br \/>\n\u2022 Un petit film\/documentaire,<br \/>\n\u2022 Une session casuistique (discussion concernant la r\u00e9solution de questions importantes en se basant sur de vrais cas ou sur des r\u00e9cits de victimes).<\/p>\n<p style=\"text-align: justify;\"><strong>Les propositions d&rsquo;intervention en atelier peuvent \u00eatre soumises en anglais ou en fran\u00e7ais en remplissant <span style=\"color: #f05c22;\"><a style=\"color: #f05c22;\" href=\"http:\/\/2019.vse-conference.eu\/wp-content\/uploads\/2019\/02\/VSE-2019_CfP_Submission-form.pdf\">ce formulaire<\/a><\/span><\/strong> \u00e0 renvoyer \u00e0 l\u2019adresse email <strong><a href=\"mailto:vse2019@france-victimes.fr\">vse2019@france-victimes.fr<\/a><\/strong>.<br \/>\nVous pouvez soumettre vos propositions jusqu\u2019au <strong>25 mars 2019<\/strong>. Exceptionnellement, pour les retardataires, la date a \u00e9t\u00e9 repouss\u00e9e au <strong>1er avril 2019<\/strong>.<\/p>\n<p style=\"text-align: justify;\">Le Comit\u00e9 en charge du programme examinera vos propositions selon les crit\u00e8res suivants :<br \/>\n\u2022 Conformit\u00e9 avec le th\u00e8me g\u00e9n\u00e9ral et focus sur la conf\u00e9rence VSE,<br \/>\n\u2022 Interactivit\u00e9 et cr\u00e9ativit\u00e9 du format de l\u2019atelier propos\u00e9 ou de la m\u00e9thode de travail,<br \/>\n\u2022 Repr\u00e9sentation \u00e9gale de tous les sujets au sein du programme.<\/p>\n<p style=\"text-align: justify;\">Tous les candidats seront inform\u00e9s apr\u00e8s examen de leur proposition et apr\u00e8s la fin de la proc\u00e9dure de s\u00e9lection. Nous informerons tous les contributeurs de la validation de leur atelier au fur et \u00e0 mesure et les contributeurs finaux recevront une r\u00e9ponse d\u2019ici le <strong>15 avril 2019<\/strong>. Le programme des ateliers sera publi\u00e9 sur le site de la conf\u00e9rence, apr\u00e8s que tous les contributeurs auront \u00e9t\u00e9 inform\u00e9 de la validation de leur atelier.<\/p>\n<p style=\"text-align: justify;\">Si vous avez la moindre question, vous pouvez nous contacter \u00e0 <strong><a href=\"mailto:vse2019@france-victimes.fr\">vse2019@france-victimes.fr<\/a><\/strong><\/p>\n[\/vc_column_text][\/vc_column][vc_column column_padding=\u00a0\u00bbno-extra-padding\u00a0\u00bb column_padding_position=\u00a0\u00bball\u00a0\u00bb background_color_opacity=\u00a0\u00bb1&Prime; background_hover_color_opacity=\u00a0\u00bb1&Prime; column_link_target=\u00a0\u00bb_self\u00a0\u00bb column_shadow=\u00a0\u00bbnone\u00a0\u00bb column_border_radius=\u00a0\u00bbnone\u00a0\u00bb width=\u00a0\u00bb1\/6&Prime; tablet_width_inherit=\u00a0\u00bbdefault\u00a0\u00bb tablet_text_alignment=\u00a0\u00bbdefault\u00a0\u00bb phone_text_alignment=\u00a0\u00bbdefault\u00a0\u00bb column_border_width=\u00a0\u00bbnone\u00a0\u00bb column_border_style=\u00a0\u00bbsolid\u00a0\u00bb bg_image_animation=\u00a0\u00bbnone\u00a0\u00bb][\/vc_column][\/vc_row]\n","protected":false},"excerpt":{"rendered":"<p>[vc_row type=\u00a0\u00bbfull_width_background\u00a0\u00bb full_screen_row_position=\u00a0\u00bbmiddle\u00a0\u00bb bg_color=\u00a0\u00bb#412b85&Prime; scene_position=\u00a0\u00bbcenter\u00a0\u00bb text_color=\u00a0\u00bblight\u00a0\u00bb text_align=\u00a0\u00bbleft\u00a0\u00bb top_padding=\u00a0\u00bb3%\u00a0\u00bb bottom_padding=\u00a0\u00bb3%\u00a0\u00bb overlay_strength=\u00a0\u00bb0.5&Prime; shape_divider_position=\u00a0\u00bbbottom\u00a0\u00bb bg_image_animation=\u00a0\u00bbnone\u00a0\u00bb video_mute=\u00a0\u00bbtrue\u00a0\u00bb shape_type=\u00a0\u00bb\u00a0\u00bb][vc_column column_padding=\u00a0\u00bbno-extra-padding\u00a0\u00bb&#8230;<\/p>\n","protected":false},"author":1,"featured_media":0,"parent":0,"menu_order":4,"comment_status":"closed","ping_status":"closed","template":"","meta":{"_mi_skip_tracking":false,"_exactmetrics_sitenote_active":false,"_exactmetrics_sitenote_note":"","_exactmetrics_sitenote_category":0},"_links":{"self":[{"href":"https:\/\/2019.vse-conference.eu\/fr\/wp-json\/wp\/v2\/pages\/6606"}],"collection":[{"href":"https:\/\/2019.vse-conference.eu\/fr\/wp-json\/wp\/v2\/pages"}],"about":[{"href":"https:\/\/2019.vse-conference.eu\/fr\/wp-json\/wp\/v2\/types\/page"}],"author":[{"embeddable":true,"href":"https:\/\/2019.vse-conference.eu\/fr\/wp-json\/wp\/v2\/users\/1"}],"replies":[{"embeddable":true,"href":"https:\/\/2019.vse-conference.eu\/fr\/wp-json\/wp\/v2\/comments?post=6606"}],"version-history":[{"count":6,"href":"https:\/\/2019.vse-conference.eu\/fr\/wp-json\/wp\/v2\/pages\/6606\/revisions"}],"predecessor-version":[{"id":6980,"href":"https:\/\/2019.vse-conference.eu\/fr\/wp-json\/wp\/v2\/pages\/6606\/revisions\/6980"}],"wp:attachment":[{"href":"https:\/\/2019.vse-conference.eu\/fr\/wp-json\/wp\/v2\/media?parent=6606"}],"curies":[{"name":"wp","href":"https:\/\/api.w.org\/{rel}","templated":true}]}}