{"id":6670,"date":"2019-02-27T09:23:05","date_gmt":"2019-02-27T09:23:05","guid":{"rendered":"http:\/\/2019.vse-conference.eu\/?page_id=6670"},"modified":"2019-04-01T10:19:50","modified_gmt":"2019-04-01T10:19:50","slug":"conditions-generales-dutilisation","status":"publish","type":"page","link":"https:\/\/2019.vse-conference.eu\/fr\/conditions-generales-dutilisation\/","title":{"rendered":"Conditions G\u00e9n\u00e9rales d&rsquo;Utilisation"},"content":{"rendered":"[vc_row type=\u00a0\u00bbfull_width_background\u00a0\u00bb full_screen_row_position=\u00a0\u00bbmiddle\u00a0\u00bb bg_color=\u00a0\u00bb#412b85&Prime; scene_position=\u00a0\u00bbcenter\u00a0\u00bb text_color=\u00a0\u00bblight\u00a0\u00bb text_align=\u00a0\u00bbleft\u00a0\u00bb top_padding=\u00a0\u00bb3%\u00a0\u00bb bottom_padding=\u00a0\u00bb3%\u00a0\u00bb overlay_strength=\u00a0\u00bb0.3&Prime; shape_divider_position=\u00a0\u00bbbottom\u00a0\u00bb bg_image_animation=\u00a0\u00bbnone\u00a0\u00bb shape_type=\u00a0\u00bb\u00a0\u00bb][vc_column column_padding=\u00a0\u00bbno-extra-padding\u00a0\u00bb column_padding_position=\u00a0\u00bball\u00a0\u00bb background_color_opacity=\u00a0\u00bb1&Prime; background_hover_color_opacity=\u00a0\u00bb1&Prime; column_link_target=\u00a0\u00bb_self\u00a0\u00bb column_shadow=\u00a0\u00bbnone\u00a0\u00bb column_border_radius=\u00a0\u00bbnone\u00a0\u00bb width=\u00a0\u00bb1\/2&Prime; tablet_width_inherit=\u00a0\u00bbdefault\u00a0\u00bb tablet_text_alignment=\u00a0\u00bbdefault\u00a0\u00bb phone_text_alignment=\u00a0\u00bbdefault\u00a0\u00bb column_border_width=\u00a0\u00bbnone\u00a0\u00bb column_border_style=\u00a0\u00bbsolid\u00a0\u00bb bg_image_animation=\u00a0\u00bbnone\u00a0\u00bb][split_line_heading]\n<h2 style=\"text-transform: uppercase; font-size: 28px; line-height: 30px;\">Conditions g\u00e9n\u00e9rales d&rsquo;utilisation<\/h2>\n[\/split_line_heading][\/vc_column][vc_column column_padding=\u00a0\u00bbno-extra-padding\u00a0\u00bb column_padding_position=\u00a0\u00bball\u00a0\u00bb background_color_opacity=\u00a0\u00bb1&Prime; background_hover_color_opacity=\u00a0\u00bb1&Prime; column_link_target=\u00a0\u00bb_self\u00a0\u00bb column_shadow=\u00a0\u00bbnone\u00a0\u00bb column_border_radius=\u00a0\u00bbnone\u00a0\u00bb width=\u00a0\u00bb1\/2&Prime; tablet_width_inherit=\u00a0\u00bbdefault\u00a0\u00bb tablet_text_alignment=\u00a0\u00bbdefault\u00a0\u00bb phone_text_alignment=\u00a0\u00bbdefault\u00a0\u00bb column_border_width=\u00a0\u00bbnone\u00a0\u00bb column_border_style=\u00a0\u00bbsolid\u00a0\u00bb bg_image_animation=\u00a0\u00bbnone\u00a0\u00bb][\/vc_column][\/vc_row][vc_row type=\u00a0\u00bbfull_width_background\u00a0\u00bb full_screen_row_position=\u00a0\u00bbmiddle\u00a0\u00bb bg_color=\u00a0\u00bb#ffffff\u00a0\u00bb scene_position=\u00a0\u00bbcenter\u00a0\u00bb text_color=\u00a0\u00bbdark\u00a0\u00bb text_align=\u00a0\u00bbleft\u00a0\u00bb top_padding=\u00a0\u00bb3%\u00a0\u00bb bottom_padding=\u00a0\u00bb4%\u00a0\u00bb overlay_strength=\u00a0\u00bb0.3&Prime; shape_divider_position=\u00a0\u00bbbottom\u00a0\u00bb bg_image_animation=\u00a0\u00bbnone\u00a0\u00bb shape_type=\u00a0\u00bb\u00a0\u00bb][vc_column column_padding=\u00a0\u00bbno-extra-padding\u00a0\u00bb column_padding_position=\u00a0\u00bball\u00a0\u00bb background_color_opacity=\u00a0\u00bb1&Prime; background_hover_color_opacity=\u00a0\u00bb1&Prime; column_link_target=\u00a0\u00bb_self\u00a0\u00bb column_shadow=\u00a0\u00bbnone\u00a0\u00bb column_border_radius=\u00a0\u00bbnone\u00a0\u00bb width=\u00a0\u00bb5\/6&Prime; tablet_width_inherit=\u00a0\u00bbdefault\u00a0\u00bb tablet_text_alignment=\u00a0\u00bbdefault\u00a0\u00bb phone_text_alignment=\u00a0\u00bbdefault\u00a0\u00bb column_border_width=\u00a0\u00bbnone\u00a0\u00bb column_border_style=\u00a0\u00bbsolid\u00a0\u00bb bg_image_animation=\u00a0\u00bbnone\u00a0\u00bb][vc_column_text css=\u00a0\u00bb.vc_custom_1554113987712{margin-top: -8px !important;margin-bottom: -8px !important;}\u00a0\u00bb]\n<p style=\"text-align: justify;\">Diff\u00e9rents tarifs sont disponibles concernant la participation \u00e0 la Conf\u00e9rence Annuelle VSE de 2019 : <strong>un tarif r\u00e9duit<\/strong> pour les personnes s\u2019inscrivant \u00e0 la conf\u00e9rence jusqu\u2019au 1<sup>er<\/sup> avril 2019 et <strong>un tarif normal<\/strong> pour les personnes s&rsquo;inscrivant jusqu&rsquo;au 29 mai 2019. Apr\u00e8s cela, les inscriptions seront closes.<br \/>\nIl existe \u00e9galement un tarif sp\u00e9cifique pour les membres de Victim Support Europe et les membres de France Victimes. Cette information sera v\u00e9rifi\u00e9e par les organisateurs. Si vous avez pay\u00e9 le mauvais tarif, les organisateurs se r\u00e9servent le droit de demander le paiement du reste d\u00fb. Si celui-ci n&rsquo;est pas r\u00e9gl\u00e9, les organisateurs se r\u00e9servent le droit de ne pas accepter la participation \u00e0 la conf\u00e9rence.<\/p>\n<p>Ces frais recouvrent les frais de restauration (d\u00e9jeuners et pauses caf\u00e9), les frais de traduction, mais \u00e9galement les frais pour la prise en charge de nos intervenants (d\u00e9placement, h\u00e9bergement et restauration) et les frais de gestion des organisateurs de la Conf\u00e9rence.<\/p>\n<p style=\"text-align: justify;\">Vous pouvez retrouver tous les d\u00e9tails de ces tarifs sur la <strong><a href=\"\/inscriptions\/\">page d&rsquo;inscription<\/a><\/strong> \u00e0 la conf\u00e9rence.<\/p>\n<p>La conf\u00e9rence est \u00e9ligible \u00e0 la formation continue des professions lib\u00e9rales et salari\u00e9s fran\u00e7ais (hors b\u00e9n\u00e9voles et stagiaires). Pour ce faire, voici les \u00e9l\u00e9ments qui pourront vous servir pour la prise en charge :<\/p>\n<p>Num\u00e9ro SIRET de France Victimes : 33917570500054<br \/>\nNum\u00e9ro Organisme de Formation de France Victimes : 11 75 45287 75<\/p>\n<p>Les participants pr\u00e9inscrits seront notifi\u00e9s par email et auront acc\u00e8s \u00e0 un formulaire comprenant le tarif r\u00e9duit. Ils auront alors jusqu\u2019au 1<sup>er<\/sup> avril 2019 pour finaliser leur inscription, pass\u00e9 cette date les tarifs r\u00e9duits ne seront plus accessibles.<\/p>\n<p style=\"text-align: justify;\">Les personnes n\u2019ayant pas pu se pr\u00e9inscrire peuvent s\u2019inscrire normalement sur ce site.<\/p>\n<p>Tous les participants recevront un email de confirmation une fois le paiement trait\u00e9. Dans cet email, <strong>les participants seront invit\u00e9s \u00e0 finaliser leur inscription en compl\u00e9tant un formulaire<\/strong>. Veuillez v\u00e9rifier attentivement vos informations et nous notifier la moindre erreur.<\/p>\n<p style=\"text-align: justify;\">Vous pourrez choisir les ateliers auxquels vous souhaitez participer du 22 avril au 29 mai 2019. Pass\u00e9 cette date, vous serez inscrits al\u00e9atoirement en fonction des places disponibles dans les ateliers. Vous pouvez changement votre choix d\u2019ateliers en contactant France Victimes \u00e0 <strong><a href=\"mailto:vse2019@france-victimes.fr\">vse2019@france-victimes.fr<\/a><\/strong> jusqu\u2019au 29 mai 2019. Les participations aux ateliers seront bloqu\u00e9es et finalis\u00e9es le matin du 30 mai, ainsi pour des raisons logistiques (impression de documents, liste finale des participants, badges) aucun changement ne sera accept\u00e9 apr\u00e8s cette date.<\/p>\n[\/vc_column_text][\/vc_column][vc_column column_padding=\u00a0\u00bbno-extra-padding\u00a0\u00bb column_padding_position=\u00a0\u00bball\u00a0\u00bb background_color_opacity=\u00a0\u00bb1&Prime; background_hover_color_opacity=\u00a0\u00bb1&Prime; column_link_target=\u00a0\u00bb_self\u00a0\u00bb column_shadow=\u00a0\u00bbnone\u00a0\u00bb column_border_radius=\u00a0\u00bbnone\u00a0\u00bb width=\u00a0\u00bb1\/6&Prime; tablet_width_inherit=\u00a0\u00bbdefault\u00a0\u00bb tablet_text_alignment=\u00a0\u00bbdefault\u00a0\u00bb phone_text_alignment=\u00a0\u00bbdefault\u00a0\u00bb column_border_width=\u00a0\u00bbnone\u00a0\u00bb column_border_style=\u00a0\u00bbsolid\u00a0\u00bb bg_image_animation=\u00a0\u00bbnone\u00a0\u00bb][\/vc_column][\/vc_row][vc_row type=\u00a0\u00bbfull_width_background\u00a0\u00bb full_screen_row_position=\u00a0\u00bbmiddle\u00a0\u00bb bg_color=\u00a0\u00bb#ffffff\u00a0\u00bb scene_position=\u00a0\u00bbcenter\u00a0\u00bb text_color=\u00a0\u00bbdark\u00a0\u00bb text_align=\u00a0\u00bbleft\u00a0\u00bb top_padding=\u00a0\u00bb3%\u00a0\u00bb bottom_padding=\u00a0\u00bb4%\u00a0\u00bb overlay_strength=\u00a0\u00bb0.3&Prime; shape_divider_position=\u00a0\u00bbbottom\u00a0\u00bb bg_image_animation=\u00a0\u00bbnone\u00a0\u00bb shape_type=\u00a0\u00bb\u00a0\u00bb][vc_column column_padding=\u00a0\u00bbno-extra-padding\u00a0\u00bb column_padding_position=\u00a0\u00bball\u00a0\u00bb background_color_opacity=\u00a0\u00bb1&Prime; background_hover_color_opacity=\u00a0\u00bb1&Prime; column_link_target=\u00a0\u00bb_self\u00a0\u00bb column_shadow=\u00a0\u00bbnone\u00a0\u00bb column_border_radius=\u00a0\u00bbnone\u00a0\u00bb width=\u00a0\u00bb5\/6&Prime; tablet_width_inherit=\u00a0\u00bbdefault\u00a0\u00bb tablet_text_alignment=\u00a0\u00bbdefault\u00a0\u00bb phone_text_alignment=\u00a0\u00bbdefault\u00a0\u00bb column_border_width=\u00a0\u00bbnone\u00a0\u00bb column_border_style=\u00a0\u00bbsolid\u00a0\u00bb bg_image_animation=\u00a0\u00bbnone\u00a0\u00bb][vc_column_text css=\u00a0\u00bb.vc_custom_1552383562733{margin-top: -8px !important;margin-bottom: -8px !important;}\u00a0\u00bb]\n<p style=\"text-align: justify; font-weight: bold;\">Politique d\u2019annulation et clauses de non-responsabilit\u00e9 pour la Conf\u00e9rence Annuelle VSE 2019<\/p>\n<p style=\"text-align: justify;\">En cas d\u2019annulation, les frais suivants seront retenus :<br \/>\nAvant le 1<sup>er<\/sup> mai 2019 : aucun frais<br \/>\nDu 2 avril au 23 mai 2019 : 50 % du montant total pay\u00e9<br \/>\nA partir du 24 mai 2019 : 100 % du montant total pay\u00e9<\/p>\n<p style=\"text-align: justify;\">Vous pouvez d\u00e9signer une personne qui assistera \u00e0 la conf\u00e9rence \u00e0 votre place afin d\u2019\u00e9viter ces frais seulement si vous nous le faites savoir express\u00e9ment par \u00e9crit \u00e0 <strong><a href=\"mailto:vse2019@france-victimes.fr\">vse2019@france-victimes.fr<\/a><\/strong>. L\u2019applicabilit\u00e9 de frais d\u2019annulation est \u00e0 la seule discr\u00e9tion des organisateurs de la conf\u00e9rence et ne peut \u00eatre contest\u00e9e.<\/p>\n<p style=\"text-align: justify;\">Toute annulation et tout changement ne seront valides que si formul\u00e9s par \u00e9crit et confirm\u00e9s par les deux parties. Tout remboursement sera effectu\u00e9 apr\u00e8s l\u2019\u00e9v\u00e9nement.<\/p>\n<p style=\"text-align: justify;\">Veuillez noter que votre h\u00f4tel peut avoir des modalit\u00e9s de remboursement et annulation diff\u00e9rentes. La non-pr\u00e9sentation et les politiques d\u2019annulation de l\u2019h\u00f4tel de votre choix seront applicables. Les participants r\u00e9servent leur h\u00f4tel \u00e0 leurs propres risques, l\u2019organisateur n\u2019a aucune responsabilit\u00e9 en cas de litige.<\/p>\n<p style=\"text-align: justify;\">L\u2019organisateur se r\u00e9serve le droit de refuser l\u2019acc\u00e8s \u00e0 la conf\u00e9rence \u00e0 n\u2019importe qui, \u00e0 tout moment.<\/p>\n<p style=\"text-align: justify;\">Les participants r\u00e9sidant hors de l\u2019Union Europ\u00e9enne peuvent avoir besoin d\u2019un visa : veuillez v\u00e9rifier si un visa est requis pour entrer en France depuis votre pays.<\/p>\n<p style=\"text-align: justify;\">Les participants assistent \u00e0 tous les \u00e9v\u00e9nements \u00e0 leurs propres risques. Les organisateurs ne sont pas responsables de l\u2019assurance m\u00e9dicale, de voyage ou personnelle des participants : il est fortement conseill\u00e9 que les participants aient leur propre assurance personnelle avant d\u2019assister \u00e0 la conf\u00e9rence. Les organisateurs ne sont pas responsables des dommages et\/ou pertes de quelle que nature que ce soit, qui pourrait \u00eatre caus\u00e9s par un participant de la conf\u00e9rence ou par toute autre personne les accompagnant, \u00e0 la fois lors des activit\u00e9s officielles mais aussi en dehors des heures de conf\u00e9rence.<\/p>\n<p style=\"text-align: justify;\">Les accords verbaux ne seront pas contraignants sauf s\u2019ils sont confirm\u00e9s par \u00e9crit. Les juridictions fran\u00e7aises sont comp\u00e9tentes et la loi fran\u00e7aise est applicable.<\/p>\n[\/vc_column_text][\/vc_column][vc_column column_padding=\u00a0\u00bbno-extra-padding\u00a0\u00bb column_padding_position=\u00a0\u00bball\u00a0\u00bb background_color_opacity=\u00a0\u00bb1&Prime; background_hover_color_opacity=\u00a0\u00bb1&Prime; column_link_target=\u00a0\u00bb_self\u00a0\u00bb column_shadow=\u00a0\u00bbnone\u00a0\u00bb column_border_radius=\u00a0\u00bbnone\u00a0\u00bb width=\u00a0\u00bb1\/6&Prime; tablet_width_inherit=\u00a0\u00bbdefault\u00a0\u00bb tablet_text_alignment=\u00a0\u00bbdefault\u00a0\u00bb phone_text_alignment=\u00a0\u00bbdefault\u00a0\u00bb column_border_width=\u00a0\u00bbnone\u00a0\u00bb column_border_style=\u00a0\u00bbsolid\u00a0\u00bb bg_image_animation=\u00a0\u00bbnone\u00a0\u00bb][\/vc_column][\/vc_row][vc_row type=\u00a0\u00bbfull_width_background\u00a0\u00bb full_screen_row_position=\u00a0\u00bbmiddle\u00a0\u00bb bg_color=\u00a0\u00bb#ffffff\u00a0\u00bb scene_position=\u00a0\u00bbcenter\u00a0\u00bb text_color=\u00a0\u00bbdark\u00a0\u00bb text_align=\u00a0\u00bbleft\u00a0\u00bb top_padding=\u00a0\u00bb3%\u00a0\u00bb bottom_padding=\u00a0\u00bb4%\u00a0\u00bb overlay_strength=\u00a0\u00bb0.3&Prime; shape_divider_position=\u00a0\u00bbbottom\u00a0\u00bb bg_image_animation=\u00a0\u00bbnone\u00a0\u00bb shape_type=\u00a0\u00bb\u00a0\u00bb][vc_column column_padding=\u00a0\u00bbno-extra-padding\u00a0\u00bb column_padding_position=\u00a0\u00bball\u00a0\u00bb background_color_opacity=\u00a0\u00bb1&Prime; background_hover_color_opacity=\u00a0\u00bb1&Prime; column_link_target=\u00a0\u00bb_self\u00a0\u00bb column_shadow=\u00a0\u00bbnone\u00a0\u00bb column_border_radius=\u00a0\u00bbnone\u00a0\u00bb width=\u00a0\u00bb5\/6&Prime; tablet_width_inherit=\u00a0\u00bbdefault\u00a0\u00bb tablet_text_alignment=\u00a0\u00bbdefault\u00a0\u00bb phone_text_alignment=\u00a0\u00bbdefault\u00a0\u00bb column_border_width=\u00a0\u00bbnone\u00a0\u00bb column_border_style=\u00a0\u00bbsolid\u00a0\u00bb bg_image_animation=\u00a0\u00bbnone\u00a0\u00bb][vc_column_text css=\u00a0\u00bb.vc_custom_1551259838757{margin-top: -8px !important;margin-bottom: -8px !important;}\u00a0\u00bb]\n<p style=\"text-align: justify; font-weight: bold;\">Collecte de donn\u00e9es<\/p>\n<p style=\"text-align: justify;\">Conform\u00e9ment au R\u00e8glement G\u00e9n\u00e9ral sur la Protection des Donn\u00e9es (RGPD) du 25 mai 2018, les donn\u00e9es sont collect\u00e9es de fa\u00e7on enti\u00e8rement confidentielles et ne seront utilis\u00e9es qu\u2019aux fins de l\u2019organisation de la Conf\u00e9rence Annuelle de VSE 2019 \u00e0 Strasbourg. Les donn\u00e9es seront anonymis\u00e9es pour \u00e9valuer la conf\u00e9rence et seront trait\u00e9es et stock\u00e9es par les organisateurs, France Victimes et Victim Support Europe. Certaines donn\u00e9es peuvent \u00eatre en partie partag\u00e9es avec des sous-traitants dans le but d\u2019organiser des activit\u00e9s hors conf\u00e9rence.<\/p>\n<p style=\"text-align: justify;\">Ainsi, conform\u00e9ment au RGPD et \u00e0 la loi informatique et Libert\u00e9s du 6 janvier 1978, vous disposez d\u2019un droit d\u2019opposition (art 26), d\u2019acc\u00e8s (art 34 \u00e0 38), de rectification (art 36) et de suppression des donn\u00e9es qui vous concernent. Pour exercer ces droits, vous pouvez contacter notre d\u00e9l\u00e9gu\u00e9e \u00e0 la protection des donn\u00e9es, Candice Le Guilloux (en justifiant de votre identit\u00e9) :<\/p>\n<ul>\n<li>Par voie postale : France Victimes 27 avenue Parmentier 75011 Paris FRANCE,<\/li>\n<li>Par email : <strong><a href=\"mailto:protectiondesdonnees@france-victimes.fr\">protectiondesdonnees@france-victimes.fr<\/a><\/strong><\/li>\n<\/ul>\n<p style=\"text-align: justify;\">Victim Support Europe conservera les donn\u00e9es relatives aux coordonn\u00e9es de contact des participants que ces derniers auront communiqu\u00e9es, pour un d\u00e9lai de 12 mois maximum suite \u00e0 la conf\u00e9rence de 2019 dans l\u2019unique but de les inviter \u00e0 la conf\u00e9rence de 2020.<\/p>\n[\/vc_column_text][\/vc_column][vc_column column_padding=\u00a0\u00bbno-extra-padding\u00a0\u00bb column_padding_position=\u00a0\u00bball\u00a0\u00bb background_color_opacity=\u00a0\u00bb1&Prime; background_hover_color_opacity=\u00a0\u00bb1&Prime; column_link_target=\u00a0\u00bb_self\u00a0\u00bb column_shadow=\u00a0\u00bbnone\u00a0\u00bb column_border_radius=\u00a0\u00bbnone\u00a0\u00bb width=\u00a0\u00bb1\/6&Prime; tablet_width_inherit=\u00a0\u00bbdefault\u00a0\u00bb tablet_text_alignment=\u00a0\u00bbdefault\u00a0\u00bb phone_text_alignment=\u00a0\u00bbdefault\u00a0\u00bb column_border_width=\u00a0\u00bbnone\u00a0\u00bb column_border_style=\u00a0\u00bbsolid\u00a0\u00bb bg_image_animation=\u00a0\u00bbnone\u00a0\u00bb][\/vc_column][\/vc_row]\n","protected":false},"excerpt":{"rendered":"<p>[vc_row type=\u00a0\u00bbfull_width_background\u00a0\u00bb full_screen_row_position=\u00a0\u00bbmiddle\u00a0\u00bb bg_color=\u00a0\u00bb#412b85&Prime; scene_position=\u00a0\u00bbcenter\u00a0\u00bb text_color=\u00a0\u00bblight\u00a0\u00bb text_align=\u00a0\u00bbleft\u00a0\u00bb top_padding=\u00a0\u00bb3%\u00a0\u00bb bottom_padding=\u00a0\u00bb3%\u00a0\u00bb overlay_strength=\u00a0\u00bb0.3&Prime; shape_divider_position=\u00a0\u00bbbottom\u00a0\u00bb bg_image_animation=\u00a0\u00bbnone\u00a0\u00bb shape_type=\u00a0\u00bb\u00a0\u00bb][vc_column column_padding=\u00a0\u00bbno-extra-padding\u00a0\u00bb column_padding_position=\u00a0\u00bball\u00a0\u00bb&#8230;<\/p>\n","protected":false},"author":1,"featured_media":0,"parent":0,"menu_order":15,"comment_status":"closed","ping_status":"closed","template":"","meta":{"_mi_skip_tracking":false,"_exactmetrics_sitenote_active":false,"_exactmetrics_sitenote_note":"","_exactmetrics_sitenote_category":0},"_links":{"self":[{"href":"https:\/\/2019.vse-conference.eu\/fr\/wp-json\/wp\/v2\/pages\/6670"}],"collection":[{"href":"https:\/\/2019.vse-conference.eu\/fr\/wp-json\/wp\/v2\/pages"}],"about":[{"href":"https:\/\/2019.vse-conference.eu\/fr\/wp-json\/wp\/v2\/types\/page"}],"author":[{"embeddable":true,"href":"https:\/\/2019.vse-conference.eu\/fr\/wp-json\/wp\/v2\/users\/1"}],"replies":[{"embeddable":true,"href":"https:\/\/2019.vse-conference.eu\/fr\/wp-json\/wp\/v2\/comments?post=6670"}],"version-history":[{"count":20,"href":"https:\/\/2019.vse-conference.eu\/fr\/wp-json\/wp\/v2\/pages\/6670\/revisions"}],"predecessor-version":[{"id":7006,"href":"https:\/\/2019.vse-conference.eu\/fr\/wp-json\/wp\/v2\/pages\/6670\/revisions\/7006"}],"wp:attachment":[{"href":"https:\/\/2019.vse-conference.eu\/fr\/wp-json\/wp\/v2\/media?parent=6670"}],"curies":[{"name":"wp","href":"https:\/\/api.w.org\/{rel}","templated":true}]}}